{"id":4424,"date":"2025-11-12T14:18:59","date_gmt":"2025-11-12T13:18:59","guid":{"rendered":"https:\/\/lws-gmbh.de\/jobs\/"},"modified":"2026-04-30T14:17:20","modified_gmt":"2026-04-30T12:17:20","slug":"offerte-di-lavoro","status":"publish","type":"page","link":"https:\/\/lws-gmbh.de\/it\/offerte-di-lavoro\/","title":{"rendered":"Offerte di lavoro"},"content":{"rendered":"\t\t<div data-elementor-type=\"wp-page\" data-elementor-id=\"4424\" class=\"elementor elementor-4424 elementor-1692\" data-elementor-post-type=\"page\">\n\t\t\t\t<div class=\"elementor-element elementor-element-d8d3417 e-flex e-con-boxed e-con e-parent\" data-id=\"d8d3417\" data-element_type=\"container\" data-e-type=\"container\" data-settings=\"{&quot;background_background&quot;:&quot;gradient&quot;}\">\n\t\t\t\t\t<div class=\"e-con-inner\">\n\t\t<div class=\"elementor-element elementor-element-76225e1 e-flex e-con-boxed elementor-invisible e-con e-child\" data-id=\"76225e1\" data-element_type=\"container\" data-e-type=\"container\" data-settings=\"{&quot;animation&quot;:&quot;slideInUp&quot;,&quot;animation_delay&quot;:150}\">\n\t\t\t\t\t<div class=\"e-con-inner\">\n\t\t<div class=\"elementor-element elementor-element-5b1beb4 e-con-full e-flex e-con e-child\" data-id=\"5b1beb4\" data-element_type=\"container\" data-e-type=\"container\">\n\t\t\t\t<div class=\"elementor-element elementor-element-b498e22 elementor-widget__width-initial elementor-widget elementor-widget-elementskit-heading\" data-id=\"b498e22\" data-element_type=\"widget\" data-e-type=\"widget\" data-widget_type=\"elementskit-heading.default\">\n\t\t\t\t\t<div class=\"ekit-wid-con\" ><div class=\"ekit-heading elementskit-section-title-wraper text_center   ekit_heading_tablet-   ekit_heading_mobile-\"><h1 class=\"ekit-heading--title elementskit-section-title text_fill\">Le nostre <span><span>Offerte di lavoro<\/span><\/span>  <\/h1><\/div><\/div>\t\t\t\t<\/div>\n\t\t\t\t<\/div>\n\t\t\t\t<div class=\"elementor-element elementor-element-ea921cb elementor-align-center elementor-widget elementor-widget-button\" data-id=\"ea921cb\" data-element_type=\"widget\" data-e-type=\"widget\" data-widget_type=\"button.default\">\n\t\t\t\t\t\t\t\t\t\t<a class=\"elementor-button elementor-button-link elementor-size-sm\" href=\"#mehr\" target=\"_blank\">\n\t\t\t\t\t\t<span class=\"elementor-button-content-wrapper\">\n\t\t\t\t\t\t\t\t\t<span class=\"elementor-button-text\">Per saperne di pi\u00f9<\/span>\n\t\t\t\t\t<\/span>\n\t\t\t\t\t<\/a>\n\t\t\t\t\t\t\t\t<\/div>\n\t\t\t\t\t<\/div>\n\t\t\t\t<\/div>\n\t\t\t\t\t<\/div>\n\t\t\t\t<\/div>\n\t\t<div class=\"elementor-element elementor-element-1bfc0d0 e-flex e-con-boxed e-con e-parent\" data-id=\"1bfc0d0\" data-element_type=\"container\" data-e-type=\"container\" id=\"mehr\">\n\t\t\t\t\t<div class=\"e-con-inner\">\n\t\t<div class=\"elementor-element elementor-element-590621f e-con-full e-flex e-con e-child\" data-id=\"590621f\" data-element_type=\"container\" data-e-type=\"container\">\n\t\t\t\t<div class=\"elementor-element elementor-element-1e1148e elementor-widget elementor-widget-elementskit-heading\" data-id=\"1e1148e\" data-element_type=\"widget\" data-e-type=\"widget\" data-widget_type=\"elementskit-heading.default\">\n\t\t\t\t\t<div class=\"ekit-wid-con\" ><div class=\"ekit-heading elementskit-section-title-wraper text_left   ekit_heading_tablet-   ekit_heading_mobile-\"><h2 class=\"ekit-heading--title elementskit-section-title text_fill\">La precisione \u00e8 creata da <span><span> persone <\/span><\/span>, non solo da macchine.<\/h2><\/div><\/div>\t\t\t\t<\/div>\n\t\t\t\t<div class=\"elementor-element elementor-element-e56a1b4 elementor-widget elementor-widget-text-editor\" data-id=\"e56a1b4\" data-element_type=\"widget\" data-e-type=\"widget\" data-widget_type=\"text-editor.default\">\n\t\t\t\t\t\t\t\t\t<p>Produciamo utensili di precisione per settori che si basano sui centesimi di millimetro. Questo richiede esperienza, attenzione e passione per la tecnologia. Indipendentemente dal lavoro, in LWS ogni contributo alla qualit\u00e0 \u00e8 importante.  <\/p>\t\t\t\t\t\t\t\t<\/div>\n\t\t\t\t<div class=\"elementor-element elementor-element-b4f53a4 elementor-widget elementor-widget-elementskit-heading\" data-id=\"b4f53a4\" data-element_type=\"widget\" data-e-type=\"widget\" data-widget_type=\"elementskit-heading.default\">\n\t\t\t\t\t<div class=\"ekit-wid-con\" ><div class=\"ekit-heading elementskit-section-title-wraper text_left   ekit_heading_tablet-   ekit_heading_mobile-\"><h2 class=\"ekit-heading--title elementskit-section-title text_fill\">Stiamo cercando te:<\/h2><\/div><\/div>\t\t\t\t<\/div>\n\t\t\t\t<div class=\"elementor-element elementor-element-c01e078 elementor-widget elementor-widget-ucaddon_post_accordion\" data-id=\"c01e078\" data-element_type=\"widget\" data-e-type=\"widget\" data-widget_type=\"ucaddon_post_accordion.default\">\n\t\t\t\t<div class=\"elementor-widget-container\">\n\t\t\t\t\t\n<!-- start Post Accordion -->\n\t\t<link id='font-awesome-css' href='https:\/\/lws-gmbh.de\/wp-content\/plugins\/unlimited-elements-for-elementor-premium\/assets_libraries\/font-awesome6\/fontawesome-all.min.css' type='text\/css' rel='stylesheet' >\n\t\t<link id='font-awesome-4-shim-css' href='https:\/\/lws-gmbh.de\/wp-content\/plugins\/unlimited-elements-for-elementor-premium\/assets_libraries\/font-awesome6\/fontawesome-v4-shims.min.css' type='text\/css' rel='stylesheet' >\n\n<style>\/* widget: Post Accordion *\/\n\n#uc_post_accordion_elementor_c01e078 *{\n  box-sizing: border-box;\n}\n\n#uc_post_accordion_elementor_c01e078 em{\n  font-style: normal;\n}\n\n#uc_post_accordion_elementor_c01e078 .uc_container .uc-heading{\n\tdisplay:flex;\n    align-items:center;\n\toverflow:hidden;\n\tcursor:pointer;\n  \n}\n#uc_post_accordion_elementor_c01e078 .uc_container .uc_content{\n    display:none;\n    text-align:left;\n}\n\n#uc_post_accordion_elementor_c01e078 .uc_content_inner_wrapper{\n   display:flex;\n}\n\n#uc_post_accordion_elementor_c01e078 .uc_container .uc-heading span.ue_accordion_icon{\n\tdisplay:flex;\n    align-items:center;\n   \tjustify-content:center;\n    flex-grow:0;\n    flex-shrink:0;\n}\n#uc_post_accordion_elementor_c01e078 .uc_ac_box.uc-item-active span.uc_dactive{\n\tdisplay:none;\n}\n\n#uc_post_accordion_elementor_c01e078 .uc_ac_box:not(.uc-item-active) span.uc_active{\n\tdisplay:none;\n}\n\n#uc_post_accordion_elementor_c01e078 .uc_container .uc_btn {\n    text-align: center;\n    display: inline-block;\n    text-decoration: none;\n    transition: ease-in-out all 0.25s;\n}\n\n#uc_post_accordion_elementor_c01e078 .ue_post_image{\n  display:block;\n}\n\n#uc_post_accordion_elementor_c01e078 .ue_post_image img{\n  display:block;\n  width:100%;\n}\n\n\n#uc_post_accordion_elementor_c01e078 .ue-debug-meta{ \n  padding:10px;\n  border:1px solid red;\n  position:relative;\n  line-height:1.5em;\n  font-size:11px;\n  width:100%;\n}\n\n#uc_post_accordion_elementor_c01e078 .ue-meta-data{  \n  display:flex;\n  flex-wrap: wrap;\n  line-height:1em;\n}\n\n#uc_post_accordion_elementor_c01e078 .ue-grid-item-meta-data{\n      display:inline-flex;\n      align-items:center;\n}\n\n#uc_post_accordion_elementor_c01e078 .ue-grid-item-meta-data a{\n  color:inherit;\n}\n\n\/* additional data css *\/\n#uc_post_accordion_elementor_c01e078 .ue-meta-data{  \n  display:flex;\n  flex-wrap: wrap;\n  line-height:1em;\n}\n\n#uc_post_accordion_elementor_c01e078 .ue-grid-item-meta-data{\n      display:inline-flex;\n      align-items:center;\n      width: auto;\n}\n\n#uc_post_accordion_elementor_c01e078 .ue-grid-item-meta-data a{\n  color:inherit;\n}\n\n#uc_post_accordion_elementor_c01e078 .ue-grid-item-meta-data-icon{\n  line-height:1em;\n}\n\n#uc_post_accordion_elementor_c01e078 .ue-grid-item-meta-data-icon svg{\n  width:1em;\n  height:1em;\n}\n\n#uc_post_accordion_elementor_c01e078 .ue-grid-item-category a{\n  display:inline-block;\n  position: relative;\n  z-index: 1;\n}\n\n\n\n\n<\/style>\n\n\n<div class=\"uc_material_accordion  \" id=\"uc_post_accordion_elementor_c01e078\" data-name=\"\" data-scroll=\"off\" data-offset=\"0\"  >\n    \t<div class=\"uc_container uc-items-wrapper\">\n        \t\n\n\n\n<div class=\"uc_ac_box \">\n  <div class=\"uc-heading uc_trigger\">    \n          <span class=\"fas fa-plus uc_dactive bbb ue_accordion_icon\"><\/span> \n      <span class=\"fas fa-minus uc_active bbb ue_accordion_icon\"><\/span>\n        <div class=\"uc_ac_box_title\">\n            \n      <em class=\"ue_heading_title\">Operatori di macchina tecnicamente interessati (m\/f\/d) <\/em>\n          <\/div>  \n  <\/div>\n  <div class=\"uc_content\" >\n    <div class=\"uc_content_inner_wrapper\">\n        \n      <div class=\"ue_post_accordion_content_in\">  \n            \n          <div class=\"ue-meta-data\"> \n      \n            \n         \n         \n                \n                \n                \n                \n         \n  <\/div>\n        <div class=\"ue_post_text\">Siamo alla ricerca di operatori di macchina (m\/f\/d) tecnicamente interessati che amino impostare, regolare e far funzionare con precisione macchine rettificatrici CNC e convenzionali. Se hai una conoscenza tecnica, sai leggere con sicurezza i disegni e lavorare in modo affidabile a turni, da noi troverai un posto di lavoro ben attrezzato: inviaci direttamente le tue candidature complete. <\/div>            \n         <a href=\"https:\/\/lws-gmbh.de\/it\/technisch-interessierte-maschinenbediener-m-w-d\/\" target=\"_self\" class=\"uc_btn uc_more_btn \" href='https:\/\/lws-gmbh.de\/it\/technisch-interessierte-maschinenbediener-m-w-d\/'>SCOPRI DI PI\u00d9<\/a>      \n   <\/div>\n  <\/div>\n\n     \n    \n  <\/div> \n<\/div>\n\n\n\n\n<div class=\"uc_ac_box \">\n  <div class=\"uc-heading uc_trigger\">    \n          <span class=\"fas fa-plus uc_dactive bbb ue_accordion_icon\"><\/span> \n      <span class=\"fas fa-minus uc_active bbb ue_accordion_icon\"><\/span>\n        <div class=\"uc_ac_box_title\">\n            \n      <em class=\"ue_heading_title\">Operaio metalmeccanico (m\/f\/d) <\/em>\n          <\/div>  \n  <\/div>\n  <div class=\"uc_content\" >\n    <div class=\"uc_content_inner_wrapper\">\n        \n      <div class=\"ue_post_accordion_content_in\">  \n            \n          <div class=\"ue-meta-data\"> \n      \n            \n         \n         \n                \n                \n                \n                \n         \n  <\/div>\n        <div class=\"ue_post_text\">Stiamo cercando un operaio metalmeccanico esperto (m\/f\/d) che sia in grado di operare con sicurezza su macchine rettificatrici CNC o convenzionali e che abbia la qualit\u00e0 nel sangue. Se comprendi la tecnologia, sai leggere i disegni e lavorare in team in modo affidabile, sei nel posto giusto. <\/div>            \n         <a href=\"https:\/\/lws-gmbh.de\/it\/metallfacharbeiter-m-w-d\/\" target=\"_self\" class=\"uc_btn uc_more_btn \" href='https:\/\/lws-gmbh.de\/it\/metallfacharbeiter-m-w-d\/'>SCOPRI DI PI\u00d9<\/a>      \n   <\/div>\n  <\/div>\n\n     \n    \n  <\/div> \n<\/div>\n\n\n\n\n<div class=\"uc_ac_box \">\n  <div class=\"uc-heading uc_trigger\">    \n          <span class=\"fas fa-plus uc_dactive bbb ue_accordion_icon\"><\/span> \n      <span class=\"fas fa-minus uc_active bbb ue_accordion_icon\"><\/span>\n        <div class=\"uc_ac_box_title\">\n            \n      <em class=\"ue_heading_title\">Meccanico industriale (m\/f\/d) <\/em>\n          <\/div>  \n  <\/div>\n  <div class=\"uc_content\" >\n    <div class=\"uc_content_inner_wrapper\">\n        \n      <div class=\"ue_post_accordion_content_in\">  \n            \n          <div class=\"ue-meta-data\"> \n      \n            \n         \n         \n                \n                \n                \n                \n         \n  <\/div>\n        <div class=\"ue_post_text\">Siamo alla ricerca di meccanici industriali (m\/f\/d) in grado di impostare, regolare e utilizzare con precisione macchine rettificatrici CNC e convenzionali, mantenendo sempre un occhio di riguardo per la qualit\u00e0. Se hai conoscenze tecniche, capacit\u00e0 di disegno e affidabilit\u00e0 nel lavoro a turni, troverai da noi ottime condizioni di lavoro - ti invitiamo a inviare direttamente le tue candidature complete. <\/div>            \n         <a href=\"https:\/\/lws-gmbh.de\/it\/industriemechaniker-m-w-d\/\" target=\"_self\" class=\"uc_btn uc_more_btn \" href='https:\/\/lws-gmbh.de\/it\/industriemechaniker-m-w-d\/'>SCOPRI DI PI\u00d9<\/a>      \n   <\/div>\n  <\/div>\n\n     \n    \n  <\/div> \n<\/div>\n\n        <\/div>\n   \t<\/div>\n\n\n<!-- end Post Accordion -->\t\t\t\t<\/div>\n\t\t\t\t<\/div>\n\t\t\t\t<\/div>\n\t\t\t\t\t<\/div>\n\t\t\t\t<\/div>\n\t\t\t\t<\/div>\n\t\t","protected":false},"excerpt":{"rendered":"<p>Le nostre Offerte di lavoro Per saperne di pi\u00f9 La precisione \u00e8 creata da persone , non solo da macchine. Produciamo utensili di precisione per settori che si basano sui centesimi di millimetro. Questo richiede esperienza, attenzione e passione per la tecnologia. Indipendentemente dal lavoro, in LWS ogni contributo alla qualit\u00e0 \u00e8 importante. Stiamo cercando [&hellip;]<\/p>\n","protected":false},"author":2,"featured_media":3992,"parent":0,"menu_order":0,"comment_status":"closed","ping_status":"closed","template":"","meta":{"footnotes":""},"class_list":["post-4424","page","type-page","status-publish","has-post-thumbnail","hentry"],"yoast_head":"<!-- This site is optimized with the Yoast SEO plugin v27.2 - https:\/\/yoast.com\/product\/yoast-seo-wordpress\/ -->\n<title>Offerte di lavoro e carriere - Strumenti e servizi di precisione - LWS GmbH<\/title>\n<meta name=\"description\" content=\"Entra a far parte di LWS GmbH e candidati subito per una delle nostre offerte di lavoro. Approfitta delle buone condizioni di lavoro.\" \/>\n<meta name=\"robots\" content=\"index, follow, max-snippet:-1, max-image-preview:large, max-video-preview:-1\" \/>\n<link rel=\"canonical\" href=\"https:\/\/lws-gmbh.de\/it\/offerte-di-lavoro\/\" \/>\n<meta property=\"og:locale\" content=\"it_IT\" \/>\n<meta property=\"og:type\" content=\"article\" \/>\n<meta property=\"og:title\" content=\"Offerte di lavoro e carriere - Strumenti e servizi di precisione - LWS GmbH\" \/>\n<meta property=\"og:description\" content=\"Entra a far parte di LWS GmbH e candidati subito per una delle nostre offerte di lavoro. Approfitta delle buone condizioni di lavoro.\" \/>\n<meta property=\"og:url\" content=\"https:\/\/lws-gmbh.de\/it\/offerte-di-lavoro\/\" \/>\n<meta property=\"og:site_name\" content=\"LWS GmbH\" \/>\n<meta property=\"article:modified_time\" content=\"2026-04-30T12:17:20+00:00\" \/>\n<meta property=\"og:image\" content=\"https:\/\/lws-gmbh.de\/wp-content\/uploads\/2025\/11\/FertigungHalle1.jpg\" \/>\n\t<meta property=\"og:image:width\" content=\"435\" \/>\n\t<meta property=\"og:image:height\" content=\"220\" \/>\n\t<meta property=\"og:image:type\" content=\"image\/jpeg\" \/>\n<meta name=\"twitter:card\" content=\"summary_large_image\" \/>\n<meta name=\"twitter:label1\" content=\"Tempo di lettura stimato\" \/>\n\t<meta name=\"twitter:data1\" content=\"2 minuto\" \/>\n<script type=\"application\/ld+json\" class=\"yoast-schema-graph\">{\"@context\":\"https:\/\/schema.org\",\"@graph\":[{\"@type\":\"WebPage\",\"@id\":\"https:\/\/lws-gmbh.de\/it\/offerte-di-lavoro\/\",\"url\":\"https:\/\/lws-gmbh.de\/it\/offerte-di-lavoro\/\",\"name\":\"Offerte di lavoro e carriere - Strumenti e servizi di precisione - LWS GmbH\",\"isPartOf\":{\"@id\":\"https:\/\/lws-gmbh.de\/it\/#website\"},\"primaryImageOfPage\":{\"@id\":\"https:\/\/lws-gmbh.de\/it\/offerte-di-lavoro\/#primaryimage\"},\"image\":{\"@id\":\"https:\/\/lws-gmbh.de\/it\/offerte-di-lavoro\/#primaryimage\"},\"thumbnailUrl\":\"https:\/\/lws-gmbh.de\/wp-content\/uploads\/2025\/11\/FertigungHalle1.jpg\",\"datePublished\":\"2025-11-12T13:18:59+00:00\",\"dateModified\":\"2026-04-30T12:17:20+00:00\",\"description\":\"Entra a far parte di LWS GmbH e candidati subito per una delle nostre offerte di lavoro. Approfitta delle buone condizioni di lavoro.\",\"breadcrumb\":{\"@id\":\"https:\/\/lws-gmbh.de\/it\/offerte-di-lavoro\/#breadcrumb\"},\"inLanguage\":\"it-IT\",\"potentialAction\":[{\"@type\":\"ReadAction\",\"target\":[\"https:\/\/lws-gmbh.de\/it\/offerte-di-lavoro\/\"]}]},{\"@type\":\"ImageObject\",\"inLanguage\":\"it-IT\",\"@id\":\"https:\/\/lws-gmbh.de\/it\/offerte-di-lavoro\/#primaryimage\",\"url\":\"https:\/\/lws-gmbh.de\/wp-content\/uploads\/2025\/11\/FertigungHalle1.jpg\",\"contentUrl\":\"https:\/\/lws-gmbh.de\/wp-content\/uploads\/2025\/11\/FertigungHalle1.jpg\",\"width\":435,\"height\":220,\"caption\":\"Produzione: Sala 1 (vecchio edificio)\"},{\"@type\":\"BreadcrumbList\",\"@id\":\"https:\/\/lws-gmbh.de\/it\/offerte-di-lavoro\/#breadcrumb\",\"itemListElement\":[{\"@type\":\"ListItem\",\"position\":1,\"name\":\"Startseite\",\"item\":\"https:\/\/lws-gmbh.de\/it\/\"},{\"@type\":\"ListItem\",\"position\":2,\"name\":\"Offerte di lavoro\"}]},{\"@type\":\"WebSite\",\"@id\":\"https:\/\/lws-gmbh.de\/it\/#website\",\"url\":\"https:\/\/lws-gmbh.de\/it\/\",\"name\":\"LWS GmbH\",\"description\":\"Lechner Werkzeug Service\",\"publisher\":{\"@id\":\"https:\/\/lws-gmbh.de\/it\/#organization\"},\"potentialAction\":[{\"@type\":\"SearchAction\",\"target\":{\"@type\":\"EntryPoint\",\"urlTemplate\":\"https:\/\/lws-gmbh.de\/it\/?s={search_term_string}\"},\"query-input\":{\"@type\":\"PropertyValueSpecification\",\"valueRequired\":true,\"valueName\":\"search_term_string\"}}],\"inLanguage\":\"it-IT\"},{\"@type\":\"Organization\",\"@id\":\"https:\/\/lws-gmbh.de\/it\/#organization\",\"name\":\"LWS GmbH\",\"url\":\"https:\/\/lws-gmbh.de\/it\/\",\"logo\":{\"@type\":\"ImageObject\",\"inLanguage\":\"it-IT\",\"@id\":\"https:\/\/lws-gmbh.de\/it\/#\/schema\/logo\/image\/\",\"url\":\"https:\/\/lws-gmbh.de\/wp-content\/uploads\/2025\/09\/lws-logo.png\",\"contentUrl\":\"https:\/\/lws-gmbh.de\/wp-content\/uploads\/2025\/09\/lws-logo.png\",\"width\":449,\"height\":143,\"caption\":\"LWS GmbH\"},\"image\":{\"@id\":\"https:\/\/lws-gmbh.de\/it\/#\/schema\/logo\/image\/\"}}]}<\/script>\n<!-- \/ Yoast SEO plugin. -->","yoast_head_json":{"title":"Offerte di lavoro e carriere - Strumenti e servizi di precisione - LWS GmbH","description":"Entra a far parte di LWS GmbH e candidati subito per una delle nostre offerte di lavoro. Approfitta delle buone condizioni di lavoro.","robots":{"index":"index","follow":"follow","max-snippet":"max-snippet:-1","max-image-preview":"max-image-preview:large","max-video-preview":"max-video-preview:-1"},"canonical":"https:\/\/lws-gmbh.de\/it\/offerte-di-lavoro\/","og_locale":"it_IT","og_type":"article","og_title":"Offerte di lavoro e carriere - Strumenti e servizi di precisione - LWS GmbH","og_description":"Entra a far parte di LWS GmbH e candidati subito per una delle nostre offerte di lavoro. Approfitta delle buone condizioni di lavoro.","og_url":"https:\/\/lws-gmbh.de\/it\/offerte-di-lavoro\/","og_site_name":"LWS GmbH","article_modified_time":"2026-04-30T12:17:20+00:00","og_image":[{"width":435,"height":220,"url":"https:\/\/lws-gmbh.de\/wp-content\/uploads\/2025\/11\/FertigungHalle1.jpg","type":"image\/jpeg"}],"twitter_card":"summary_large_image","twitter_misc":{"Tempo di lettura stimato":"2 minuto"},"schema":{"@context":"https:\/\/schema.org","@graph":[{"@type":"WebPage","@id":"https:\/\/lws-gmbh.de\/it\/offerte-di-lavoro\/","url":"https:\/\/lws-gmbh.de\/it\/offerte-di-lavoro\/","name":"Offerte di lavoro e carriere - Strumenti e servizi di precisione - LWS GmbH","isPartOf":{"@id":"https:\/\/lws-gmbh.de\/it\/#website"},"primaryImageOfPage":{"@id":"https:\/\/lws-gmbh.de\/it\/offerte-di-lavoro\/#primaryimage"},"image":{"@id":"https:\/\/lws-gmbh.de\/it\/offerte-di-lavoro\/#primaryimage"},"thumbnailUrl":"https:\/\/lws-gmbh.de\/wp-content\/uploads\/2025\/11\/FertigungHalle1.jpg","datePublished":"2025-11-12T13:18:59+00:00","dateModified":"2026-04-30T12:17:20+00:00","description":"Entra a far parte di LWS GmbH e candidati subito per una delle nostre offerte di lavoro. Approfitta delle buone condizioni di lavoro.","breadcrumb":{"@id":"https:\/\/lws-gmbh.de\/it\/offerte-di-lavoro\/#breadcrumb"},"inLanguage":"it-IT","potentialAction":[{"@type":"ReadAction","target":["https:\/\/lws-gmbh.de\/it\/offerte-di-lavoro\/"]}]},{"@type":"ImageObject","inLanguage":"it-IT","@id":"https:\/\/lws-gmbh.de\/it\/offerte-di-lavoro\/#primaryimage","url":"https:\/\/lws-gmbh.de\/wp-content\/uploads\/2025\/11\/FertigungHalle1.jpg","contentUrl":"https:\/\/lws-gmbh.de\/wp-content\/uploads\/2025\/11\/FertigungHalle1.jpg","width":435,"height":220,"caption":"Produzione: Sala 1 (vecchio edificio)"},{"@type":"BreadcrumbList","@id":"https:\/\/lws-gmbh.de\/it\/offerte-di-lavoro\/#breadcrumb","itemListElement":[{"@type":"ListItem","position":1,"name":"Startseite","item":"https:\/\/lws-gmbh.de\/it\/"},{"@type":"ListItem","position":2,"name":"Offerte di lavoro"}]},{"@type":"WebSite","@id":"https:\/\/lws-gmbh.de\/it\/#website","url":"https:\/\/lws-gmbh.de\/it\/","name":"LWS GmbH","description":"Lechner Werkzeug Service","publisher":{"@id":"https:\/\/lws-gmbh.de\/it\/#organization"},"potentialAction":[{"@type":"SearchAction","target":{"@type":"EntryPoint","urlTemplate":"https:\/\/lws-gmbh.de\/it\/?s={search_term_string}"},"query-input":{"@type":"PropertyValueSpecification","valueRequired":true,"valueName":"search_term_string"}}],"inLanguage":"it-IT"},{"@type":"Organization","@id":"https:\/\/lws-gmbh.de\/it\/#organization","name":"LWS GmbH","url":"https:\/\/lws-gmbh.de\/it\/","logo":{"@type":"ImageObject","inLanguage":"it-IT","@id":"https:\/\/lws-gmbh.de\/it\/#\/schema\/logo\/image\/","url":"https:\/\/lws-gmbh.de\/wp-content\/uploads\/2025\/09\/lws-logo.png","contentUrl":"https:\/\/lws-gmbh.de\/wp-content\/uploads\/2025\/09\/lws-logo.png","width":449,"height":143,"caption":"LWS GmbH"},"image":{"@id":"https:\/\/lws-gmbh.de\/it\/#\/schema\/logo\/image\/"}}]}},"_links":{"self":[{"href":"https:\/\/lws-gmbh.de\/it\/wp-json\/wp\/v2\/pages\/4424","targetHints":{"allow":["GET"]}}],"collection":[{"href":"https:\/\/lws-gmbh.de\/it\/wp-json\/wp\/v2\/pages"}],"about":[{"href":"https:\/\/lws-gmbh.de\/it\/wp-json\/wp\/v2\/types\/page"}],"author":[{"embeddable":true,"href":"https:\/\/lws-gmbh.de\/it\/wp-json\/wp\/v2\/users\/2"}],"replies":[{"embeddable":true,"href":"https:\/\/lws-gmbh.de\/it\/wp-json\/wp\/v2\/comments?post=4424"}],"version-history":[{"count":3,"href":"https:\/\/lws-gmbh.de\/it\/wp-json\/wp\/v2\/pages\/4424\/revisions"}],"predecessor-version":[{"id":4463,"href":"https:\/\/lws-gmbh.de\/it\/wp-json\/wp\/v2\/pages\/4424\/revisions\/4463"}],"wp:featuredmedia":[{"embeddable":true,"href":"https:\/\/lws-gmbh.de\/it\/wp-json\/wp\/v2\/media\/3992"}],"wp:attachment":[{"href":"https:\/\/lws-gmbh.de\/it\/wp-json\/wp\/v2\/media?parent=4424"}],"curies":[{"name":"wp","href":"https:\/\/api.w.org\/{rel}","templated":true}]}}