{"id":4055,"date":"2025-11-13T10:54:52","date_gmt":"2025-11-13T09:54:52","guid":{"rendered":"https:\/\/lws-gmbh.de\/impressum\/"},"modified":"2026-04-30T14:16:58","modified_gmt":"2026-04-30T12:16:58","slug":"impronta","status":"publish","type":"page","link":"https:\/\/lws-gmbh.de\/it\/impronta\/","title":{"rendered":"Impronta"},"content":{"rendered":"\t\t<div data-elementor-type=\"wp-page\" data-elementor-id=\"4055\" class=\"elementor elementor-4055 elementor-1795\" data-elementor-post-type=\"page\">\n\t\t\t\t<div class=\"elementor-element elementor-element-d8d3417 e-flex e-con-boxed e-con e-parent\" data-id=\"d8d3417\" data-element_type=\"container\" data-e-type=\"container\" data-settings=\"{&quot;background_background&quot;:&quot;gradient&quot;}\">\n\t\t\t\t\t<div class=\"e-con-inner\">\n\t\t<div class=\"elementor-element elementor-element-76225e1 e-flex e-con-boxed elementor-invisible e-con e-child\" data-id=\"76225e1\" data-element_type=\"container\" data-e-type=\"container\" data-settings=\"{&quot;animation&quot;:&quot;slideInUp&quot;,&quot;animation_delay&quot;:150}\">\n\t\t\t\t\t<div class=\"e-con-inner\">\n\t\t<div class=\"elementor-element elementor-element-466497d e-con-full e-flex e-con e-child\" data-id=\"466497d\" data-element_type=\"container\" data-e-type=\"container\">\n\t\t\t\t<div class=\"elementor-element elementor-element-15eb4e4 elementor-widget elementor-widget-heading\" data-id=\"15eb4e4\" data-element_type=\"widget\" data-e-type=\"widget\" data-widget_type=\"heading.default\">\n\t\t\t\t\t<div class=\"elementor-heading-title elementor-size-default\">\ud83d\udcde<\/div>\t\t\t\t<\/div>\n\t\t\t\t<div class=\"elementor-element elementor-element-b76d4fc elementor-widget elementor-widget-heading\" data-id=\"b76d4fc\" data-element_type=\"widget\" data-e-type=\"widget\" data-widget_type=\"heading.default\">\n\t\t\t\t\t<h2 class=\"elementor-heading-title elementor-size-default\">Informazioni legali<\/h2>\t\t\t\t<\/div>\n\t\t\t\t<\/div>\n\t\t\t\t<div class=\"elementor-element elementor-element-b498e22 elementor-widget__width-initial elementor-widget elementor-widget-elementskit-heading\" data-id=\"b498e22\" data-element_type=\"widget\" data-e-type=\"widget\" data-widget_type=\"elementskit-heading.default\">\n\t\t\t\t\t<div class=\"ekit-wid-con\" ><div class=\"ekit-heading elementskit-section-title-wraper text_center   ekit_heading_tablet-   ekit_heading_mobile-\"><h1 class=\"ekit-heading--title elementskit-section-title text_fill\"><span><span>Impressum<\/span><\/span><\/h1><\/div><\/div>\t\t\t\t<\/div>\n\t\t\t\t<div class=\"elementor-element elementor-element-ea921cb elementor-align-center elementor-hidden-desktop elementor-hidden-tablet elementor-hidden-mobile elementor-widget elementor-widget-button\" data-id=\"ea921cb\" data-element_type=\"widget\" data-e-type=\"widget\" data-widget_type=\"button.default\">\n\t\t\t\t\t\t\t\t\t\t<a class=\"elementor-button elementor-button-link elementor-size-sm\" href=\"https:\/\/lws-gmbh.de\/unternehmen\/ansprechpartner\/\" target=\"_blank\">\n\t\t\t\t\t\t<span class=\"elementor-button-content-wrapper\">\n\t\t\t\t\t\t\t\t\t<span class=\"elementor-button-text\">Tutte le persone di contatto<\/span>\n\t\t\t\t\t<\/span>\n\t\t\t\t\t<\/a>\n\t\t\t\t\t\t\t\t<\/div>\n\t\t\t\t\t<\/div>\n\t\t\t\t<\/div>\n\t\t\t\t\t<\/div>\n\t\t\t\t<\/div>\n\t\t<div class=\"elementor-element elementor-element-1bfc0d0 e-flex e-con-boxed e-con e-parent\" data-id=\"1bfc0d0\" data-element_type=\"container\" data-e-type=\"container\">\n\t\t\t\t\t<div class=\"e-con-inner\">\n\t\t<div class=\"elementor-element elementor-element-5c2a5e2 e-con-full e-flex e-con e-child\" data-id=\"5c2a5e2\" data-element_type=\"container\" data-e-type=\"container\">\n\t\t<div class=\"elementor-element elementor-element-e62488c e-flex e-con-boxed e-con e-child\" data-id=\"e62488c\" data-element_type=\"container\" data-e-type=\"container\">\n\t\t\t\t\t<div class=\"e-con-inner\">\n\t\t\t\t<div class=\"elementor-element elementor-element-52cf1b0 elementor-widget elementor-widget-text-editor\" data-id=\"52cf1b0\" data-element_type=\"widget\" data-e-type=\"widget\" data-widget_type=\"text-editor.default\">\n\t\t\t\t\t\t\t\t\t<h4><span class=\"bold\">LWS GmbH Lechner Tool Service<\/span><\/h4><p>Sommerauer Stra\u00dfe 13<br>91555 Feuchtwangen<\/p><p>Telefono:<a href=\"tel:09852672490\"> (0 98 52) 6 72 49-0<\/a><br>Fax: <a href=\"tel:098526724990\">(0 98 52) 6 72 49-90<\/a><\/p><p>e-mail: <a href=\"mailto:info@lws-gmbh.de\"><span class=\"tycoon_ersetze_adresse\" data-value=\"vasb&lt;wpml_curved wpml_value='ng'&gt;&lt;\/wpml_curved&gt;yjf-tzou.qr\">info@lws-gmbh.de<\/span><\/a><br>Internet: <a href=\"http:\/\/www.lws-gmbh.de\">www.lws-gmbh.de<\/a><\/p><p><strong><span class=\"bold\">Amministratori delegati autorizzati a rappresentare la societ\u00e0:<\/span><\/strong> Fabian Lechner<\/p><p><strong><span class=\"bold\">Tribunale del registro: <\/span><\/strong>Registro commerciale di Ansbach, HRB 2151<br><strong><span class=\"bold\">Numero di identificazione dell&#8217;imposta sulle vendite ai sensi del \u00a727a della legge sull&#8217;imposta sulle vendite: <\/span><\/strong>DE 165841462<\/p><p><strong><span class=\"bold\">Responsabile per il contenuto secondo il \u00a755 Abs. 2 RStV: <\/span><\/strong>Fabian Lechner (indirizzo a sinistra)<\/p><h4><strong><br>Esclusione di responsabilit\u00e0 (disclaimer)<\/strong><\/h4><h5>Responsabilit\u00e0 per i contenuti<\/h5><p>In qualit\u00e0 di fornitore di servizi, siamo responsabili dei nostri contenuti su queste pagine in conformit\u00e0 con la legislazione generale. Tuttavia, in qualit\u00e0 di fornitore di servizi, non siamo obbligati a monitorare le informazioni trasmesse o memorizzate da terzi o a indagare su circostanze che indicano un&#8217;attivit\u00e0 illegale. L&#8217;obbligo di rimuovere o bloccare l&#8217;uso delle informazioni in conformit\u00e0 alla legislazione generale rimane inalterato. Tuttavia, la responsabilit\u00e0 in questo senso \u00e8 possibile solo dal momento in cui si viene a conoscenza di una specifica violazione. Non appena verremo a conoscenza di tali violazioni, rimuoveremo immediatamente i contenuti.    <\/p><h5>Responsabilit\u00e0 per i link<\/h5><p>Il nostro sito web contiene link a siti web esterni di terzi sui cui contenuti non abbiamo alcuna influenza. Pertanto, non possiamo assumerci alcuna responsabilit\u00e0 per questi contenuti di terzi. Il rispettivo fornitore o gestore delle pagine \u00e8 sempre responsabile del contenuto delle pagine collegate. Le pagine collegate sono state controllate per verificare la presenza di eventuali violazioni legali al momento del collegamento. I contenuti illegali non sono stati individuati al momento del collegamento. Tuttavia, un monitoraggio permanente del contenuto delle pagine collegate non \u00e8 ragionevole in assenza di prove concrete di una violazione. Se dovessimo venire a conoscenza di eventuali violazioni legali, rimuoveremo immediatamente tali link.      <\/p><h5>Copyright<\/h5><p>I contenuti e le opere create dagli operatori del sito in queste pagine sono soggetti alla legge tedesca sul copyright. La riproduzione, la modifica, la distribuzione e qualsiasi tipo di utilizzo al di fuori dei limiti della legge sul copyright richiedono il consenso scritto del rispettivo autore o creatore. I download e le copie di questo sito sono consentiti solo per uso privato e non commerciale. Nella misura in cui i contenuti di questo sito non sono stati creati dall&#8217;operatore, vengono rispettati i diritti d&#8217;autore di terzi. In particolare, i contenuti di terzi sono contrassegnati come tali. Se tuttavia dovessi venire a conoscenza di una violazione del copyright, ti preghiamo di informarci di conseguenza. Qualora venissimo a conoscenza di violazioni, provvederemo a rimuovere immediatamente tali contenuti.      <\/p><p>Fonte: https:\/\/www.e-recht24.de<\/p><h5>Informazioni ai sensi del \u00a7 36 VSBG<\/h5><p>Ai sensi del \u00a7 36 VSBG (Consumer Dispute Resolution Act &#8211; Legge sulla risoluzione alternativa delle controversie in materia di consumo), il gestore di questo sito web dichiara:<\/p><p>Non siamo disposti n\u00e9 obbligati a partecipare a procedure di risoluzione delle controversie davanti a un collegio arbitrale dei consumatori.<\/p><p>L&#8217;impronta \u00e8 stata creata con il generatore di impronte di activeMind AG.<\/p><p><strong><span class=\"bold\">Crediti immagine<\/span><\/strong><br>\u00a9 LWS GmbH Lechner Werkzeug Service<\/p>\t\t\t\t\t\t\t\t<\/div>\n\t\t\t\t\t<\/div>\n\t\t\t\t<\/div>\n\t\t\t\t<\/div>\n\t\t\t\t\t<\/div>\n\t\t\t\t<\/div>\n\t\t\t\t<\/div>\n\t\t","protected":false},"excerpt":{"rendered":"<p>\ud83d\udcde Informazioni legali Impressum Tutte le persone di contatto LWS GmbH Lechner Tool Service Sommerauer Stra\u00dfe 1391555 Feuchtwangen Telefono: (0 98 52) 6 72 49-0Fax: (0 98 52) 6 72 49-90 e-mail: info@lws-gmbh.deInternet: www.lws-gmbh.de Amministratori delegati autorizzati a rappresentare la societ\u00e0: Fabian Lechner Tribunale del registro: Registro commerciale di Ansbach, HRB 2151Numero di identificazione dell&#8217;imposta [&hellip;]<\/p>\n","protected":false},"author":1,"featured_media":0,"parent":0,"menu_order":0,"comment_status":"closed","ping_status":"closed","template":"","meta":{"footnotes":""},"class_list":["post-4055","page","type-page","status-publish","hentry"],"yoast_head":"<!-- This site is optimized with the Yoast SEO plugin v27.2 - https:\/\/yoast.com\/product\/yoast-seo-wordpress\/ -->\n<title>Impronta - LWS GmbH<\/title>\n<meta name=\"description\" content=\"Impronta di LWS Werkzeugbau GmbH con i dati aziendali centrali e le informazioni legali pi\u00f9 importanti.\" \/>\n<meta name=\"robots\" content=\"index, follow, max-snippet:-1, max-image-preview:large, max-video-preview:-1\" \/>\n<link rel=\"canonical\" href=\"https:\/\/lws-gmbh.de\/it\/impronta\/\" \/>\n<meta property=\"og:locale\" content=\"it_IT\" \/>\n<meta property=\"og:type\" content=\"article\" \/>\n<meta property=\"og:title\" content=\"Impronta - LWS GmbH\" \/>\n<meta property=\"og:description\" content=\"Impronta di LWS Werkzeugbau GmbH con i dati aziendali centrali e le informazioni legali pi\u00f9 importanti.\" \/>\n<meta property=\"og:url\" content=\"https:\/\/lws-gmbh.de\/it\/impronta\/\" \/>\n<meta property=\"og:site_name\" content=\"LWS GmbH\" \/>\n<meta property=\"article:modified_time\" content=\"2026-04-30T12:16:58+00:00\" \/>\n<meta name=\"twitter:card\" content=\"summary_large_image\" \/>\n<meta name=\"twitter:label1\" content=\"Tempo di lettura stimato\" \/>\n\t<meta name=\"twitter:data1\" content=\"3 minuto\" \/>\n<script type=\"application\/ld+json\" class=\"yoast-schema-graph\">{\"@context\":\"https:\/\/schema.org\",\"@graph\":[{\"@type\":\"WebPage\",\"@id\":\"https:\/\/lws-gmbh.de\/it\/impronta\/\",\"url\":\"https:\/\/lws-gmbh.de\/it\/impronta\/\",\"name\":\"Impronta - LWS GmbH\",\"isPartOf\":{\"@id\":\"https:\/\/lws-gmbh.de\/it\/#website\"},\"datePublished\":\"2025-11-13T09:54:52+00:00\",\"dateModified\":\"2026-04-30T12:16:58+00:00\",\"description\":\"Impronta di LWS Werkzeugbau GmbH con i dati aziendali centrali e le informazioni legali pi\u00f9 importanti.\",\"breadcrumb\":{\"@id\":\"https:\/\/lws-gmbh.de\/it\/impronta\/#breadcrumb\"},\"inLanguage\":\"it-IT\",\"potentialAction\":[{\"@type\":\"ReadAction\",\"target\":[\"https:\/\/lws-gmbh.de\/it\/impronta\/\"]}]},{\"@type\":\"BreadcrumbList\",\"@id\":\"https:\/\/lws-gmbh.de\/it\/impronta\/#breadcrumb\",\"itemListElement\":[{\"@type\":\"ListItem\",\"position\":1,\"name\":\"Startseite\",\"item\":\"https:\/\/lws-gmbh.de\/it\/\"},{\"@type\":\"ListItem\",\"position\":2,\"name\":\"Impronta\"}]},{\"@type\":\"WebSite\",\"@id\":\"https:\/\/lws-gmbh.de\/it\/#website\",\"url\":\"https:\/\/lws-gmbh.de\/it\/\",\"name\":\"LWS GmbH\",\"description\":\"Lechner Werkzeug Service\",\"publisher\":{\"@id\":\"https:\/\/lws-gmbh.de\/it\/#organization\"},\"potentialAction\":[{\"@type\":\"SearchAction\",\"target\":{\"@type\":\"EntryPoint\",\"urlTemplate\":\"https:\/\/lws-gmbh.de\/it\/?s={search_term_string}\"},\"query-input\":{\"@type\":\"PropertyValueSpecification\",\"valueRequired\":true,\"valueName\":\"search_term_string\"}}],\"inLanguage\":\"it-IT\"},{\"@type\":\"Organization\",\"@id\":\"https:\/\/lws-gmbh.de\/it\/#organization\",\"name\":\"LWS GmbH\",\"url\":\"https:\/\/lws-gmbh.de\/it\/\",\"logo\":{\"@type\":\"ImageObject\",\"inLanguage\":\"it-IT\",\"@id\":\"https:\/\/lws-gmbh.de\/it\/#\/schema\/logo\/image\/\",\"url\":\"https:\/\/lws-gmbh.de\/wp-content\/uploads\/2025\/09\/lws-logo.png\",\"contentUrl\":\"https:\/\/lws-gmbh.de\/wp-content\/uploads\/2025\/09\/lws-logo.png\",\"width\":449,\"height\":143,\"caption\":\"LWS GmbH\"},\"image\":{\"@id\":\"https:\/\/lws-gmbh.de\/it\/#\/schema\/logo\/image\/\"}}]}<\/script>\n<!-- \/ Yoast SEO plugin. -->","yoast_head_json":{"title":"Impronta - LWS GmbH","description":"Impronta di LWS Werkzeugbau GmbH con i dati aziendali centrali e le informazioni legali pi\u00f9 importanti.","robots":{"index":"index","follow":"follow","max-snippet":"max-snippet:-1","max-image-preview":"max-image-preview:large","max-video-preview":"max-video-preview:-1"},"canonical":"https:\/\/lws-gmbh.de\/it\/impronta\/","og_locale":"it_IT","og_type":"article","og_title":"Impronta - LWS GmbH","og_description":"Impronta di LWS Werkzeugbau GmbH con i dati aziendali centrali e le informazioni legali pi\u00f9 importanti.","og_url":"https:\/\/lws-gmbh.de\/it\/impronta\/","og_site_name":"LWS GmbH","article_modified_time":"2026-04-30T12:16:58+00:00","twitter_card":"summary_large_image","twitter_misc":{"Tempo di lettura stimato":"3 minuto"},"schema":{"@context":"https:\/\/schema.org","@graph":[{"@type":"WebPage","@id":"https:\/\/lws-gmbh.de\/it\/impronta\/","url":"https:\/\/lws-gmbh.de\/it\/impronta\/","name":"Impronta - LWS GmbH","isPartOf":{"@id":"https:\/\/lws-gmbh.de\/it\/#website"},"datePublished":"2025-11-13T09:54:52+00:00","dateModified":"2026-04-30T12:16:58+00:00","description":"Impronta di LWS Werkzeugbau GmbH con i dati aziendali centrali e le informazioni legali pi\u00f9 importanti.","breadcrumb":{"@id":"https:\/\/lws-gmbh.de\/it\/impronta\/#breadcrumb"},"inLanguage":"it-IT","potentialAction":[{"@type":"ReadAction","target":["https:\/\/lws-gmbh.de\/it\/impronta\/"]}]},{"@type":"BreadcrumbList","@id":"https:\/\/lws-gmbh.de\/it\/impronta\/#breadcrumb","itemListElement":[{"@type":"ListItem","position":1,"name":"Startseite","item":"https:\/\/lws-gmbh.de\/it\/"},{"@type":"ListItem","position":2,"name":"Impronta"}]},{"@type":"WebSite","@id":"https:\/\/lws-gmbh.de\/it\/#website","url":"https:\/\/lws-gmbh.de\/it\/","name":"LWS GmbH","description":"Lechner Werkzeug Service","publisher":{"@id":"https:\/\/lws-gmbh.de\/it\/#organization"},"potentialAction":[{"@type":"SearchAction","target":{"@type":"EntryPoint","urlTemplate":"https:\/\/lws-gmbh.de\/it\/?s={search_term_string}"},"query-input":{"@type":"PropertyValueSpecification","valueRequired":true,"valueName":"search_term_string"}}],"inLanguage":"it-IT"},{"@type":"Organization","@id":"https:\/\/lws-gmbh.de\/it\/#organization","name":"LWS GmbH","url":"https:\/\/lws-gmbh.de\/it\/","logo":{"@type":"ImageObject","inLanguage":"it-IT","@id":"https:\/\/lws-gmbh.de\/it\/#\/schema\/logo\/image\/","url":"https:\/\/lws-gmbh.de\/wp-content\/uploads\/2025\/09\/lws-logo.png","contentUrl":"https:\/\/lws-gmbh.de\/wp-content\/uploads\/2025\/09\/lws-logo.png","width":449,"height":143,"caption":"LWS GmbH"},"image":{"@id":"https:\/\/lws-gmbh.de\/it\/#\/schema\/logo\/image\/"}}]}},"_links":{"self":[{"href":"https:\/\/lws-gmbh.de\/it\/wp-json\/wp\/v2\/pages\/4055","targetHints":{"allow":["GET"]}}],"collection":[{"href":"https:\/\/lws-gmbh.de\/it\/wp-json\/wp\/v2\/pages"}],"about":[{"href":"https:\/\/lws-gmbh.de\/it\/wp-json\/wp\/v2\/types\/page"}],"author":[{"embeddable":true,"href":"https:\/\/lws-gmbh.de\/it\/wp-json\/wp\/v2\/users\/1"}],"replies":[{"embeddable":true,"href":"https:\/\/lws-gmbh.de\/it\/wp-json\/wp\/v2\/comments?post=4055"}],"version-history":[{"count":1,"href":"https:\/\/lws-gmbh.de\/it\/wp-json\/wp\/v2\/pages\/4055\/revisions"}],"predecessor-version":[{"id":4056,"href":"https:\/\/lws-gmbh.de\/it\/wp-json\/wp\/v2\/pages\/4055\/revisions\/4056"}],"wp:attachment":[{"href":"https:\/\/lws-gmbh.de\/it\/wp-json\/wp\/v2\/media?parent=4055"}],"curies":[{"name":"wp","href":"https:\/\/api.w.org\/{rel}","templated":true}]}}