{"id":4419,"date":"2025-11-12T14:44:34","date_gmt":"2025-11-12T13:44:34","guid":{"rendered":"https:\/\/lws-gmbh.de\/zertifikate\/"},"modified":"2026-04-30T14:13:18","modified_gmt":"2026-04-30T12:13:18","slug":"certificats","status":"publish","type":"page","link":"https:\/\/lws-gmbh.de\/fr\/societe\/certificats\/","title":{"rendered":"Certificats"},"content":{"rendered":"\t\t<div data-elementor-type=\"wp-page\" data-elementor-id=\"4419\" class=\"elementor elementor-4419 elementor-1729\" data-elementor-post-type=\"page\">\n\t\t\t\t<div class=\"elementor-element elementor-element-d8d3417 e-flex e-con-boxed e-con e-parent\" data-id=\"d8d3417\" data-element_type=\"container\" data-e-type=\"container\" data-settings=\"{&quot;background_background&quot;:&quot;gradient&quot;}\">\n\t\t\t\t\t<div class=\"e-con-inner\">\n\t\t<div class=\"elementor-element elementor-element-76225e1 e-flex e-con-boxed elementor-invisible e-con e-child\" data-id=\"76225e1\" data-element_type=\"container\" data-e-type=\"container\" data-settings=\"{&quot;animation&quot;:&quot;slideInUp&quot;,&quot;animation_delay&quot;:150}\">\n\t\t\t\t\t<div class=\"e-con-inner\">\n\t\t\t\t<div class=\"elementor-element elementor-element-b498e22 elementor-widget__width-initial elementor-widget elementor-widget-elementskit-heading\" data-id=\"b498e22\" data-element_type=\"widget\" data-e-type=\"widget\" data-widget_type=\"elementskit-heading.default\">\n\t\t\t\t\t<div class=\"ekit-wid-con\" ><div class=\"ekit-heading elementskit-section-title-wraper text_center   ekit_heading_tablet-   ekit_heading_mobile-\"><h1 class=\"ekit-heading--title elementskit-section-title text_fill\"><span><span> Certificats<\/span><\/span> &amp; preuves<\/h1><\/div><\/div>\t\t\t\t<\/div>\n\t\t\t\t<div class=\"elementor-element elementor-element-ea921cb elementor-align-center elementor-hidden-desktop elementor-hidden-tablet elementor-hidden-mobile elementor-widget elementor-widget-button\" data-id=\"ea921cb\" data-element_type=\"widget\" data-e-type=\"widget\" data-widget_type=\"button.default\">\n\t\t\t\t\t\t\t\t\t\t<a class=\"elementor-button elementor-button-link elementor-size-sm\" href=\"https:\/\/lws-gmbh.de\/unternehmen\/ansprechpartner\/\" target=\"_blank\">\n\t\t\t\t\t\t<span class=\"elementor-button-content-wrapper\">\n\t\t\t\t\t\t\t\t\t<span class=\"elementor-button-text\">Tous les contacts<\/span>\n\t\t\t\t\t<\/span>\n\t\t\t\t\t<\/a>\n\t\t\t\t\t\t\t\t<\/div>\n\t\t\t\t\t<\/div>\n\t\t\t\t<\/div>\n\t\t\t\t\t<\/div>\n\t\t\t\t<\/div>\n\t\t<div class=\"elementor-element elementor-element-da8a791 e-flex e-con-boxed e-con e-parent\" data-id=\"da8a791\" data-element_type=\"container\" data-e-type=\"container\">\n\t\t\t\t\t<div class=\"e-con-inner\">\n\t\t<div class=\"elementor-element elementor-element-eccbf82 e-con-full e-flex e-con e-child\" data-id=\"eccbf82\" data-element_type=\"container\" data-e-type=\"container\">\n\t\t\t\t<div class=\"elementor-element elementor-element-f80ef79 elementor-widget__width-initial elementor-widget elementor-widget-text-editor\" data-id=\"f80ef79\" data-element_type=\"widget\" data-e-type=\"widget\" data-widget_type=\"text-editor.default\">\n\t\t\t\t\t\t\t\t\t<p><strong data-start=\"101\" data-end=\"125\">Test\u00e9 de mani\u00e8re fiable.<\/strong><br data-start=\"125\" data-end=\"128\">Nos certifications confirment que nous travaillons selon des normes de qualit\u00e9 d\u00e9finies et que nous am\u00e9liorons continuellement les processus.<\/p>\t\t\t\t\t\t\t\t<\/div>\n\t\t\t\t<\/div>\n\t\t\t\t\t<\/div>\n\t\t\t\t<\/div>\n\t\t<div class=\"elementor-element elementor-element-7dfbac3 e-flex e-con-boxed e-con e-parent\" data-id=\"7dfbac3\" data-element_type=\"container\" data-e-type=\"container\">\n\t\t\t\t\t<div class=\"e-con-inner\">\n\t\t<div class=\"elementor-element elementor-element-4e11f55 e-con-full e-flex e-con e-child\" data-id=\"4e11f55\" data-element_type=\"container\" data-e-type=\"container\" data-settings=\"{&quot;background_background&quot;:&quot;classic&quot;}\">\n\t\t<div class=\"elementor-element elementor-element-9d84d51 e-con-full e-flex e-con e-child\" data-id=\"9d84d51\" data-element_type=\"container\" data-e-type=\"container\" data-settings=\"{&quot;background_background&quot;:&quot;classic&quot;}\">\n\t\t\t\t<div class=\"elementor-element elementor-element-22b9222 elementor-widget__width-initial elementor-widget elementor-widget-elementskit-heading\" data-id=\"22b9222\" data-element_type=\"widget\" data-e-type=\"widget\" data-widget_type=\"elementskit-heading.default\">\n\t\t\t\t\t<div class=\"ekit-wid-con\" ><div class=\"ekit-heading elementskit-section-title-wraper text_left   ekit_heading_tablet-   ekit_heading_mobile-\"><h2 class=\"ekit-heading--title elementskit-section-title text_fill\">Certificats<\/h2><\/div><\/div>\t\t\t\t<\/div>\n\t\t\t\t<div class=\"elementor-element elementor-element-dc1e2d6 elementor-widget__width-initial elementor-widget elementor-widget-wpdmcategory\" data-id=\"dc1e2d6\" data-element_type=\"widget\" data-e-type=\"widget\" data-widget_type=\"wpdmcategory.default\">\n\t\t\t\t<div class=\"elementor-widget-container\">\n\t\t\t\t\t<div class='w3eden'>\n    <div class=''>\n\n        \n        <div id=\"content_wpdm_package_1\">\n            <div class='row'><div class='col-lg-12 col-md-12 col-12'><!-- WPDM Link Template: Default Template with Download Count -->\n\n\n<div class=\"wpdm-link-tpl link-btn [color]\" data-durl=\"https:\/\/lws-gmbh.de\/fr\/download\/de-zertifikat-iso-9001-lws-gmbh\/?wpdmdl=1539&refresh=69f37edb66d3f1777565403\" >\n    <div class=\"media\">\n        <div class=\"pull-left\"><img decoding=\"async\" class=\"wpdm_icon\" alt=\"Ic\u00f4ne\" src=\"https:\/\/lws-gmbh.de\/wp-content\/plugins\/download-manager\/assets\/file-type-icons\/jpg.svg\" \/><\/div>\n        <div class=\"media-body\"><strong class=\"ptitle\">DE - Zertifikat ISO 9001 LWS GmbH <span class=\"label label-default\" style=\"font-weight: 400;\">12 t\u00e9l\u00e9chargements<\/span>&nbsp;<span class=\"label label-default\" style=\"font-weight: 400;\">600.99 KB<\/span><\/strong>\n            <div><strong><a class='wpdm-download-link download-on-click btn btn-primary ' rel='nofollow' href='#' data-downloadurl=\"https:\/\/lws-gmbh.de\/fr\/download\/de-zertifikat-iso-9001-lws-gmbh\/?wpdmdl=1539&refresh=69f37edb66d3f1777565403\">T\u00e9l\u00e9charger<\/a><\/strong><\/div>\n        <\/div>\n    <\/div>\n<\/div>\n<div style=\"clear: both\"><\/div>\n<\/div><\/div>                    <\/div>\n\n        <div style='clear:both'><\/div>\n    <\/div>\n<\/div>\n\t\t\t\t<\/div>\n\t\t\t\t<\/div>\n\t\t<div class=\"elementor-element elementor-element-9dbfe8a e-con-full e-flex e-con e-child\" data-id=\"9dbfe8a\" data-element_type=\"container\" data-e-type=\"container\">\n\t\t\t\t<div class=\"elementor-element elementor-element-931cb14 elementor-widget elementor-widget-image\" data-id=\"931cb14\" data-element_type=\"widget\" data-e-type=\"widget\" data-widget_type=\"image.default\">\n\t\t\t\t\t\t\t\t\t\t\t\t\t\t\t<img fetchpriority=\"high\" decoding=\"async\" width=\"727\" height=\"1024\" src=\"https:\/\/lws-gmbh.de\/wp-content\/uploads\/2025\/11\/DE-Zertifikat-ISO-9001-LWS-GmbH-727x1024.jpg\" class=\"attachment-large size-large wp-image-4420\" alt=\"Certificat de gestion ISO 9001:2015 pour LWS GmbH, valable de 2025 \u00e0 2028.\" srcset=\"https:\/\/lws-gmbh.de\/wp-content\/uploads\/2025\/11\/DE-Zertifikat-ISO-9001-LWS-GmbH-727x1024.jpg 727w, https:\/\/lws-gmbh.de\/wp-content\/uploads\/2025\/11\/DE-Zertifikat-ISO-9001-LWS-GmbH-scaled-600x846.jpg 600w, https:\/\/lws-gmbh.de\/wp-content\/uploads\/2025\/11\/DE-Zertifikat-ISO-9001-LWS-GmbH-213x300.jpg 213w, https:\/\/lws-gmbh.de\/wp-content\/uploads\/2025\/11\/DE-Zertifikat-ISO-9001-LWS-GmbH-768x1082.jpg 768w, https:\/\/lws-gmbh.de\/wp-content\/uploads\/2025\/11\/DE-Zertifikat-ISO-9001-LWS-GmbH-1090x1536.jpg 1090w, https:\/\/lws-gmbh.de\/wp-content\/uploads\/2025\/11\/DE-Zertifikat-ISO-9001-LWS-GmbH-1453x2048.jpg 1453w, https:\/\/lws-gmbh.de\/wp-content\/uploads\/2025\/11\/DE-Zertifikat-ISO-9001-LWS-GmbH-scaled.jpg 1816w\" sizes=\"(max-width: 727px) 100vw, 727px\" \/>\t\t\t\t\t\t\t\t\t\t\t\t\t\t\t<\/div>\n\t\t\t\t<\/div>\n\t\t\t\t<\/div>\n\t\t\t\t<\/div>\n\t\t\t\t\t<\/div>\n\t\t\t\t<\/div>\n\t\t\t\t<\/div>\n\t\t","protected":false},"excerpt":{"rendered":"<p>Certificats &amp; preuves Tous les contacts Test\u00e9 de mani\u00e8re fiable.Nos certifications confirment que nous travaillons selon des normes de qualit\u00e9 d\u00e9finies et que nous am\u00e9liorons continuellement les processus. Certificats DE &#8211; Zertifikat ISO 9001 LWS GmbH 12 Downloads&nbsp;600.99 KB Herunterladen<\/p>\n","protected":false},"author":1,"featured_media":0,"parent":4426,"menu_order":0,"comment_status":"closed","ping_status":"closed","template":"","meta":{"footnotes":""},"class_list":["post-4419","page","type-page","status-publish","hentry"],"yoast_head":"<!-- This site is optimized with the Yoast SEO plugin v27.2 - https:\/\/yoast.com\/product\/yoast-seo-wordpress\/ -->\n<title>Nos certificats - Outils et services de pr\u00e9cision - LWS GmbH<\/title>\n<meta name=\"description\" content=\"Nos certifications confirment que nous travaillons selon des normes de qualit\u00e9 d\u00e9finies et que nous am\u00e9liorons continuellement les processus.\" \/>\n<meta name=\"robots\" content=\"index, follow, max-snippet:-1, max-image-preview:large, max-video-preview:-1\" \/>\n<link rel=\"canonical\" href=\"https:\/\/lws-gmbh.de\/fr\/societe\/certificats\/\" \/>\n<meta property=\"og:locale\" content=\"fr_FR\" \/>\n<meta property=\"og:type\" content=\"article\" \/>\n<meta property=\"og:title\" content=\"Nos certificats - Outils et services de pr\u00e9cision - LWS GmbH\" \/>\n<meta property=\"og:description\" content=\"Nos certifications confirment que nous travaillons selon des normes de qualit\u00e9 d\u00e9finies et que nous am\u00e9liorons continuellement les processus.\" \/>\n<meta property=\"og:url\" content=\"https:\/\/lws-gmbh.de\/fr\/societe\/certificats\/\" \/>\n<meta property=\"og:site_name\" content=\"LWS GmbH\" \/>\n<meta property=\"article:modified_time\" content=\"2026-04-30T12:13:18+00:00\" \/>\n<meta property=\"og:image\" content=\"https:\/\/lws-gmbh.de\/wp-content\/plugins\/download-manager\/assets\/file-type-icons\/jpg.svg\" \/>\n<meta name=\"twitter:card\" content=\"summary_large_image\" \/>\n<meta name=\"twitter:label1\" content=\"Dur\u00e9e de lecture estim\u00e9e\" \/>\n\t<meta name=\"twitter:data1\" content=\"1 minute\" \/>\n<script type=\"application\/ld+json\" class=\"yoast-schema-graph\">{\"@context\":\"https:\/\/schema.org\",\"@graph\":[{\"@type\":\"WebPage\",\"@id\":\"https:\/\/lws-gmbh.de\/fr\/societe\/certificats\/\",\"url\":\"https:\/\/lws-gmbh.de\/fr\/societe\/certificats\/\",\"name\":\"Nos certificats - Outils et services de pr\u00e9cision - LWS GmbH\",\"isPartOf\":{\"@id\":\"https:\/\/lws-gmbh.de\/fr\/#website\"},\"primaryImageOfPage\":{\"@id\":\"https:\/\/lws-gmbh.de\/fr\/societe\/certificats\/#primaryimage\"},\"image\":{\"@id\":\"https:\/\/lws-gmbh.de\/fr\/societe\/certificats\/#primaryimage\"},\"thumbnailUrl\":\"https:\/\/lws-gmbh.de\/wp-content\/plugins\/download-manager\/assets\/file-type-icons\/jpg.svg\",\"datePublished\":\"2025-11-12T13:44:34+00:00\",\"dateModified\":\"2026-04-30T12:13:18+00:00\",\"description\":\"Nos certifications confirment que nous travaillons selon des normes de qualit\u00e9 d\u00e9finies et que nous am\u00e9liorons continuellement les processus.\",\"breadcrumb\":{\"@id\":\"https:\/\/lws-gmbh.de\/fr\/societe\/certificats\/#breadcrumb\"},\"inLanguage\":\"fr-FR\",\"potentialAction\":[{\"@type\":\"ReadAction\",\"target\":[\"https:\/\/lws-gmbh.de\/fr\/societe\/certificats\/\"]}]},{\"@type\":\"ImageObject\",\"inLanguage\":\"fr-FR\",\"@id\":\"https:\/\/lws-gmbh.de\/fr\/societe\/certificats\/#primaryimage\",\"url\":\"https:\/\/lws-gmbh.de\/wp-content\/plugins\/download-manager\/assets\/file-type-icons\/jpg.svg\",\"contentUrl\":\"https:\/\/lws-gmbh.de\/wp-content\/plugins\/download-manager\/assets\/file-type-icons\/jpg.svg\"},{\"@type\":\"BreadcrumbList\",\"@id\":\"https:\/\/lws-gmbh.de\/fr\/societe\/certificats\/#breadcrumb\",\"itemListElement\":[{\"@type\":\"ListItem\",\"position\":1,\"name\":\"Startseite\",\"item\":\"https:\/\/lws-gmbh.de\/fr\/\"},{\"@type\":\"ListItem\",\"position\":2,\"name\":\"Soci\u00e9t\u00e9\",\"item\":\"https:\/\/lws-gmbh.de\/fr\/societe\/\"},{\"@type\":\"ListItem\",\"position\":3,\"name\":\"Certificats\"}]},{\"@type\":\"WebSite\",\"@id\":\"https:\/\/lws-gmbh.de\/fr\/#website\",\"url\":\"https:\/\/lws-gmbh.de\/fr\/\",\"name\":\"LWS GmbH\",\"description\":\"Lechner Werkzeug Service\",\"publisher\":{\"@id\":\"https:\/\/lws-gmbh.de\/fr\/#organization\"},\"potentialAction\":[{\"@type\":\"SearchAction\",\"target\":{\"@type\":\"EntryPoint\",\"urlTemplate\":\"https:\/\/lws-gmbh.de\/fr\/?s={search_term_string}\"},\"query-input\":{\"@type\":\"PropertyValueSpecification\",\"valueRequired\":true,\"valueName\":\"search_term_string\"}}],\"inLanguage\":\"fr-FR\"},{\"@type\":\"Organization\",\"@id\":\"https:\/\/lws-gmbh.de\/fr\/#organization\",\"name\":\"LWS GmbH\",\"url\":\"https:\/\/lws-gmbh.de\/fr\/\",\"logo\":{\"@type\":\"ImageObject\",\"inLanguage\":\"fr-FR\",\"@id\":\"https:\/\/lws-gmbh.de\/fr\/#\/schema\/logo\/image\/\",\"url\":\"https:\/\/lws-gmbh.de\/wp-content\/uploads\/2025\/09\/lws-logo.png\",\"contentUrl\":\"https:\/\/lws-gmbh.de\/wp-content\/uploads\/2025\/09\/lws-logo.png\",\"width\":449,\"height\":143,\"caption\":\"LWS GmbH\"},\"image\":{\"@id\":\"https:\/\/lws-gmbh.de\/fr\/#\/schema\/logo\/image\/\"}}]}<\/script>\n<!-- \/ Yoast SEO plugin. -->","yoast_head_json":{"title":"Nos certificats - Outils et services de pr\u00e9cision - LWS GmbH","description":"Nos certifications confirment que nous travaillons selon des normes de qualit\u00e9 d\u00e9finies et que nous am\u00e9liorons continuellement les processus.","robots":{"index":"index","follow":"follow","max-snippet":"max-snippet:-1","max-image-preview":"max-image-preview:large","max-video-preview":"max-video-preview:-1"},"canonical":"https:\/\/lws-gmbh.de\/fr\/societe\/certificats\/","og_locale":"fr_FR","og_type":"article","og_title":"Nos certificats - Outils et services de pr\u00e9cision - LWS GmbH","og_description":"Nos certifications confirment que nous travaillons selon des normes de qualit\u00e9 d\u00e9finies et que nous am\u00e9liorons continuellement les processus.","og_url":"https:\/\/lws-gmbh.de\/fr\/societe\/certificats\/","og_site_name":"LWS GmbH","article_modified_time":"2026-04-30T12:13:18+00:00","og_image":[{"url":"https:\/\/lws-gmbh.de\/wp-content\/plugins\/download-manager\/assets\/file-type-icons\/jpg.svg","type":"","width":"","height":""}],"twitter_card":"summary_large_image","twitter_misc":{"Dur\u00e9e de lecture estim\u00e9e":"1 minute"},"schema":{"@context":"https:\/\/schema.org","@graph":[{"@type":"WebPage","@id":"https:\/\/lws-gmbh.de\/fr\/societe\/certificats\/","url":"https:\/\/lws-gmbh.de\/fr\/societe\/certificats\/","name":"Nos certificats - Outils et services de pr\u00e9cision - LWS GmbH","isPartOf":{"@id":"https:\/\/lws-gmbh.de\/fr\/#website"},"primaryImageOfPage":{"@id":"https:\/\/lws-gmbh.de\/fr\/societe\/certificats\/#primaryimage"},"image":{"@id":"https:\/\/lws-gmbh.de\/fr\/societe\/certificats\/#primaryimage"},"thumbnailUrl":"https:\/\/lws-gmbh.de\/wp-content\/plugins\/download-manager\/assets\/file-type-icons\/jpg.svg","datePublished":"2025-11-12T13:44:34+00:00","dateModified":"2026-04-30T12:13:18+00:00","description":"Nos certifications confirment que nous travaillons selon des normes de qualit\u00e9 d\u00e9finies et que nous am\u00e9liorons continuellement les processus.","breadcrumb":{"@id":"https:\/\/lws-gmbh.de\/fr\/societe\/certificats\/#breadcrumb"},"inLanguage":"fr-FR","potentialAction":[{"@type":"ReadAction","target":["https:\/\/lws-gmbh.de\/fr\/societe\/certificats\/"]}]},{"@type":"ImageObject","inLanguage":"fr-FR","@id":"https:\/\/lws-gmbh.de\/fr\/societe\/certificats\/#primaryimage","url":"https:\/\/lws-gmbh.de\/wp-content\/plugins\/download-manager\/assets\/file-type-icons\/jpg.svg","contentUrl":"https:\/\/lws-gmbh.de\/wp-content\/plugins\/download-manager\/assets\/file-type-icons\/jpg.svg"},{"@type":"BreadcrumbList","@id":"https:\/\/lws-gmbh.de\/fr\/societe\/certificats\/#breadcrumb","itemListElement":[{"@type":"ListItem","position":1,"name":"Startseite","item":"https:\/\/lws-gmbh.de\/fr\/"},{"@type":"ListItem","position":2,"name":"Soci\u00e9t\u00e9","item":"https:\/\/lws-gmbh.de\/fr\/societe\/"},{"@type":"ListItem","position":3,"name":"Certificats"}]},{"@type":"WebSite","@id":"https:\/\/lws-gmbh.de\/fr\/#website","url":"https:\/\/lws-gmbh.de\/fr\/","name":"LWS GmbH","description":"Lechner Werkzeug Service","publisher":{"@id":"https:\/\/lws-gmbh.de\/fr\/#organization"},"potentialAction":[{"@type":"SearchAction","target":{"@type":"EntryPoint","urlTemplate":"https:\/\/lws-gmbh.de\/fr\/?s={search_term_string}"},"query-input":{"@type":"PropertyValueSpecification","valueRequired":true,"valueName":"search_term_string"}}],"inLanguage":"fr-FR"},{"@type":"Organization","@id":"https:\/\/lws-gmbh.de\/fr\/#organization","name":"LWS GmbH","url":"https:\/\/lws-gmbh.de\/fr\/","logo":{"@type":"ImageObject","inLanguage":"fr-FR","@id":"https:\/\/lws-gmbh.de\/fr\/#\/schema\/logo\/image\/","url":"https:\/\/lws-gmbh.de\/wp-content\/uploads\/2025\/09\/lws-logo.png","contentUrl":"https:\/\/lws-gmbh.de\/wp-content\/uploads\/2025\/09\/lws-logo.png","width":449,"height":143,"caption":"LWS GmbH"},"image":{"@id":"https:\/\/lws-gmbh.de\/fr\/#\/schema\/logo\/image\/"}}]}},"_links":{"self":[{"href":"https:\/\/lws-gmbh.de\/fr\/wp-json\/wp\/v2\/pages\/4419","targetHints":{"allow":["GET"]}}],"collection":[{"href":"https:\/\/lws-gmbh.de\/fr\/wp-json\/wp\/v2\/pages"}],"about":[{"href":"https:\/\/lws-gmbh.de\/fr\/wp-json\/wp\/v2\/types\/page"}],"author":[{"embeddable":true,"href":"https:\/\/lws-gmbh.de\/fr\/wp-json\/wp\/v2\/users\/1"}],"replies":[{"embeddable":true,"href":"https:\/\/lws-gmbh.de\/fr\/wp-json\/wp\/v2\/comments?post=4419"}],"version-history":[{"count":5,"href":"https:\/\/lws-gmbh.de\/fr\/wp-json\/wp\/v2\/pages\/4419\/revisions"}],"predecessor-version":[{"id":4462,"href":"https:\/\/lws-gmbh.de\/fr\/wp-json\/wp\/v2\/pages\/4419\/revisions\/4462"}],"up":[{"embeddable":true,"href":"https:\/\/lws-gmbh.de\/fr\/wp-json\/wp\/v2\/pages\/4426"}],"wp:attachment":[{"href":"https:\/\/lws-gmbh.de\/fr\/wp-json\/wp\/v2\/media?parent=4419"}],"curies":[{"name":"wp","href":"https:\/\/api.w.org\/{rel}","templated":true}]}}