{"id":4338,"date":"2025-11-17T09:45:09","date_gmt":"2025-11-17T08:45:09","guid":{"rendered":"https:\/\/lws-gmbh.de\/produkte\/keramik-schneidkoerper\/"},"modified":"2026-04-30T14:14:19","modified_gmt":"2026-04-30T12:14:19","slug":"ceramique-elements-de-coupe","status":"publish","type":"page","link":"https:\/\/lws-gmbh.de\/fr\/produits\/ceramique-elements-de-coupe\/","title":{"rendered":"C\u00e9ramique &#8211; \u00e9l\u00e9ments de coupe"},"content":{"rendered":"\t\t<div data-elementor-type=\"wp-page\" data-elementor-id=\"4338\" class=\"elementor elementor-4338 elementor-2205\" data-elementor-post-type=\"page\">\n\t\t\t\t<div class=\"elementor-element elementor-element-d8d3417 e-flex e-con-boxed e-con e-parent\" data-id=\"d8d3417\" data-element_type=\"container\" data-e-type=\"container\" data-settings=\"{&quot;background_background&quot;:&quot;gradient&quot;}\">\n\t\t\t\t\t<div class=\"e-con-inner\">\n\t\t<div class=\"elementor-element elementor-element-76225e1 e-flex e-con-boxed elementor-invisible e-con e-child\" data-id=\"76225e1\" data-element_type=\"container\" data-e-type=\"container\" data-settings=\"{&quot;animation&quot;:&quot;slideInUp&quot;,&quot;animation_delay&quot;:150}\">\n\t\t\t\t\t<div class=\"e-con-inner\">\n\t\t<div class=\"elementor-element elementor-element-5b1beb4 e-con-full e-flex e-con e-child\" data-id=\"5b1beb4\" data-element_type=\"container\" data-e-type=\"container\">\n\t\t\t\t<div class=\"elementor-element elementor-element-6732c61 elementor-widget__width-initial elementor-widget elementor-widget-elementskit-heading\" data-id=\"6732c61\" data-element_type=\"widget\" data-e-type=\"widget\" data-widget_type=\"elementskit-heading.default\">\n\t\t\t\t\t<div class=\"ekit-wid-con\" ><div class=\"ekit-heading elementskit-section-title-wraper text_center   ekit_heading_tablet-   ekit_heading_mobile-\"><h1 class=\"ekit-heading--title elementskit-section-title text_fill\"><span><span> \u00c9l\u00e9ment de coupe en c\u00e9ramique<\/span><\/span><\/h1><\/div><\/div>\t\t\t\t<\/div>\n\t\t\t\t<\/div>\n\t\t\t\t<div class=\"elementor-element elementor-element-ea921cb elementor-align-center elementor-widget elementor-widget-button\" data-id=\"ea921cb\" data-element_type=\"widget\" data-e-type=\"widget\" data-widget_type=\"button.default\">\n\t\t\t\t\t\t\t\t\t\t<a class=\"elementor-button elementor-button-link elementor-size-sm\" href=\"#mehr\">\n\t\t\t\t\t\t<span class=\"elementor-button-content-wrapper\">\n\t\t\t\t\t\t\t\t\t<span class=\"elementor-button-text\">En savoir plus<\/span>\n\t\t\t\t\t<\/span>\n\t\t\t\t\t<\/a>\n\t\t\t\t\t\t\t\t<\/div>\n\t\t\t\t\t<\/div>\n\t\t\t\t<\/div>\n\t\t\t\t\t<\/div>\n\t\t\t\t<\/div>\n\t\t<div class=\"elementor-element elementor-element-1bfc0d0 e-flex e-con-boxed e-con e-parent\" data-id=\"1bfc0d0\" data-element_type=\"container\" data-e-type=\"container\" id=\"mehr\">\n\t\t\t\t\t<div class=\"e-con-inner\">\n\t\t<div class=\"elementor-element elementor-element-969c9eb e-con-full e-flex e-con e-child\" data-id=\"969c9eb\" data-element_type=\"container\" data-e-type=\"container\">\n\t\t\t\t<div class=\"elementor-element elementor-element-1acb85d elementor-widget__width-initial elementor-widget elementor-widget-text-editor\" data-id=\"1acb85d\" data-element_type=\"widget\" data-e-type=\"widget\" data-widget_type=\"text-editor.default\">\n\t\t\t\t\t\t\t\t\t<p>Les mat\u00e9riaux de coupe c\u00e9ramiques sont tr\u00e8s souvent utilis\u00e9s pour le tron\u00e7onnage ou le dressage de pi\u00e8ces en fonte ou en acier moul\u00e9 dur, ainsi que pour l&rsquo;usinage de pr\u00e9cision des mat\u00e9riaux. En outre, ce mat\u00e9riau de coupe est souvent utilis\u00e9 de mani\u00e8re efficace dans le fraisage. <\/p>\t\t\t\t\t\t\t\t<\/div>\n\t\t\t\t<\/div>\n\t\t\t\t\t<\/div>\n\t\t\t\t<\/div>\n\t\t<div class=\"elementor-element elementor-element-808bfb5 e-flex e-con-boxed e-con e-parent\" data-id=\"808bfb5\" data-element_type=\"container\" data-e-type=\"container\">\n\t\t\t\t\t<div class=\"e-con-inner\">\n\t\t<div class=\"elementor-element elementor-element-a11a02b e-con-full e-flex e-con e-child\" data-id=\"a11a02b\" data-element_type=\"container\" data-e-type=\"container\">\n\t\t<div class=\"elementor-element elementor-element-6ae3daf e-con-full e-flex e-con e-child\" data-id=\"6ae3daf\" data-element_type=\"container\" data-e-type=\"container\" data-settings=\"{&quot;background_background&quot;:&quot;classic&quot;}\">\n\t\t\t\t<\/div>\n\t\t\t\t<div class=\"elementor-element elementor-element-c9aeb81 elementor-widget elementor-widget-gallery\" data-id=\"c9aeb81\" data-element_type=\"widget\" data-e-type=\"widget\" data-settings=\"{&quot;columns&quot;:3,&quot;gap&quot;:{&quot;unit&quot;:&quot;px&quot;,&quot;size&quot;:20,&quot;sizes&quot;:[]},&quot;overlay_title&quot;:&quot;caption&quot;,&quot;lazyload&quot;:&quot;yes&quot;,&quot;gallery_layout&quot;:&quot;grid&quot;,&quot;columns_tablet&quot;:2,&quot;columns_mobile&quot;:1,&quot;gap_tablet&quot;:{&quot;unit&quot;:&quot;px&quot;,&quot;size&quot;:10,&quot;sizes&quot;:[]},&quot;gap_mobile&quot;:{&quot;unit&quot;:&quot;px&quot;,&quot;size&quot;:10,&quot;sizes&quot;:[]},&quot;link_to&quot;:&quot;file&quot;,&quot;aspect_ratio&quot;:&quot;3:2&quot;,&quot;overlay_background&quot;:&quot;yes&quot;,&quot;content_hover_animation&quot;:&quot;fade-in&quot;}\" data-widget_type=\"gallery.default\">\n\t\t\t\t\t\t\t<div class=\"elementor-gallery__container\">\n\t\t\t\t\t\t\t<a class=\"e-gallery-item elementor-gallery-item elementor-animated-content\" href=\"https:\/\/lws-gmbh.de\/wp-content\/uploads\/2025\/12\/Hauptbild-Keramik-WSP-1-scaled.webp\" data-elementor-open-lightbox=\"yes\" data-elementor-lightbox-slideshow=\"c9aeb81\" data-elementor-lightbox-title=\"C\u00e9ramique - Moules\" data-e-action-hash=\"#elementor-action%3Aaction%3Dlightbox%26settings%3DeyJpZCI6NDM0MCwidXJsIjoiaHR0cHM6XC9cL2x3cy1nbWJoLmRlXC93cC1jb250ZW50XC91cGxvYWRzXC8yMDI1XC8xMlwvSGF1cHRiaWxkLUtlcmFtaWstV1NQLTEtc2NhbGVkLndlYnAiLCJzbGlkZXNob3ciOiJjOWFlYjgxIn0%3D\">\n\t\t\t\t\t<div class=\"e-gallery-image elementor-gallery-item__image\" data-thumbnail=\"https:\/\/lws-gmbh.de\/wp-content\/uploads\/2025\/12\/Hauptbild-Keramik-WSP-1-1024x683.webp\" data-width=\"800\" data-height=\"534\" aria-label=\"\" role=\"img\" ><\/div>\n\t\t\t\t\t\t\t\t\t\t\t<div class=\"elementor-gallery-item__overlay\"><\/div>\n\t\t\t\t\t\t\t\t\t\t\t\t\t\t\t<div class=\"elementor-gallery-item__content\">\n\t\t\t\t\t\t\t\t\t\t\t\t\t\t<div class=\"elementor-gallery-item__title\">\n\t\t\t\t\t\t\t\t\t\t\t\t\t\t\t\t\t\tC\u00e9ramique - Moules\t\t\t\t\t\t\t\t<\/div>\n\t\t\t\t\t\t\t\t\t\t\t\t<\/div>\n\t\t\t\t\t\t\t\t\t<\/a>\n\t\t\t\t\t\t\t<a class=\"e-gallery-item elementor-gallery-item elementor-animated-content\" href=\"https:\/\/lws-gmbh.de\/wp-content\/uploads\/2025\/12\/Hauptbild-Keramik-WSP-2-1536x1024-bg-1.png\" data-elementor-open-lightbox=\"yes\" data-elementor-lightbox-slideshow=\"c9aeb81\" data-elementor-lightbox-title=\"C\u00e9ramique - WSP\" data-e-action-hash=\"#elementor-action%3Aaction%3Dlightbox%26settings%3DeyJpZCI6NDM0MSwidXJsIjoiaHR0cHM6XC9cL2x3cy1nbWJoLmRlXC93cC1jb250ZW50XC91cGxvYWRzXC8yMDI1XC8xMlwvSGF1cHRiaWxkLUtlcmFtaWstV1NQLTItMTUzNngxMDI0LWJnLTEucG5nIiwic2xpZGVzaG93IjoiYzlhZWI4MSJ9\">\n\t\t\t\t\t<div class=\"e-gallery-image elementor-gallery-item__image\" data-thumbnail=\"https:\/\/lws-gmbh.de\/wp-content\/uploads\/2025\/12\/Hauptbild-Keramik-WSP-2-1536x1024-bg-1-1024x678.png\" data-width=\"800\" data-height=\"530\" aria-label=\"\" role=\"img\" ><\/div>\n\t\t\t\t\t\t\t\t\t\t\t<div class=\"elementor-gallery-item__overlay\"><\/div>\n\t\t\t\t\t\t\t\t\t\t\t\t\t\t\t<div class=\"elementor-gallery-item__content\">\n\t\t\t\t\t\t\t\t\t\t\t\t\t\t<div class=\"elementor-gallery-item__title\">\n\t\t\t\t\t\t\t\t\t\t\t\t\t\t\t\t\t\tC\u00e9ramique - WSP\t\t\t\t\t\t\t\t<\/div>\n\t\t\t\t\t\t\t\t\t\t\t\t<\/div>\n\t\t\t\t\t\t\t\t\t<\/a>\n\t\t\t\t\t\t\t<a class=\"e-gallery-item elementor-gallery-item elementor-animated-content\" href=\"https:\/\/lws-gmbh.de\/wp-content\/uploads\/2025\/11\/lws_p_kr_03.webp\" data-elementor-open-lightbox=\"yes\" data-elementor-lightbox-slideshow=\"c9aeb81\" data-elementor-lightbox-title=\"Fabrication CNC\" data-e-action-hash=\"#elementor-action%3Aaction%3Dlightbox%26settings%3DeyJpZCI6NDM0MiwidXJsIjoiaHR0cHM6XC9cL2x3cy1nbWJoLmRlXC93cC1jb250ZW50XC91cGxvYWRzXC8yMDI1XC8xMVwvbHdzX3Bfa3JfMDMud2VicCIsInNsaWRlc2hvdyI6ImM5YWViODEifQ%3D%3D\">\n\t\t\t\t\t<div class=\"e-gallery-image elementor-gallery-item__image\" data-thumbnail=\"https:\/\/lws-gmbh.de\/wp-content\/uploads\/2025\/11\/lws_p_kr_03.webp\" data-width=\"375\" data-height=\"249\" aria-label=\"Bras robotique industriel dans une usine de fabrication, diagramme sur le mur, \u00a9 LWS GmbH.\" role=\"img\" ><\/div>\n\t\t\t\t\t\t\t\t\t\t\t<div class=\"elementor-gallery-item__overlay\"><\/div>\n\t\t\t\t\t\t\t\t\t\t\t\t\t\t\t<div class=\"elementor-gallery-item__content\">\n\t\t\t\t\t\t\t\t\t\t\t\t\t\t<div class=\"elementor-gallery-item__title\">\n\t\t\t\t\t\t\t\t\t\t\t\t\t\t\t\t\t\tFabrication CNC\t\t\t\t\t\t\t\t<\/div>\n\t\t\t\t\t\t\t\t\t\t\t\t<\/div>\n\t\t\t\t\t\t\t\t\t<\/a>\n\t\t\t\t\t<\/div>\n\t\t\t\t\t<\/div>\n\t\t\t\t<\/div>\n\t\t\t\t\t<\/div>\n\t\t\t\t<\/div>\n\t\t<div class=\"elementor-element elementor-element-64abb91 e-flex e-con-boxed e-con e-parent\" data-id=\"64abb91\" data-element_type=\"container\" data-e-type=\"container\">\n\t\t\t\t\t<div class=\"e-con-inner\">\n\t\t<div class=\"elementor-element elementor-element-dcb411a e-con-full e-flex e-con e-child\" data-id=\"dcb411a\" data-element_type=\"container\" data-e-type=\"container\">\n\t\t\t\t<div class=\"elementor-element elementor-element-e85d48a elementor-widget elementor-widget-heading\" data-id=\"e85d48a\" data-element_type=\"widget\" data-e-type=\"widget\" data-widget_type=\"heading.default\">\n\t\t\t\t\t<h2 class=\"elementor-heading-title elementor-size-default\">Votre plus<\/h2>\t\t\t\t<\/div>\n\t\t\t\t<div class=\"elementor-element elementor-element-6d114eb elementor-widget__width-initial elementor-widget elementor-widget-elementskit-heading\" data-id=\"6d114eb\" data-element_type=\"widget\" data-e-type=\"widget\" data-widget_type=\"elementskit-heading.default\">\n\t\t\t\t\t<div class=\"ekit-wid-con\" ><div class=\"ekit-heading elementskit-section-title-wraper text_left   ekit_heading_tablet-   ekit_heading_mobile-\"><h2 class=\"ekit-heading--title elementskit-section-title text_fill\">Les <span><span>avantages<\/span><\/span> pour vous<\/h2><\/div><\/div>\t\t\t\t<\/div>\n\t\t\t\t<\/div>\n\t\t\t\t<div class=\"elementor-element elementor-element-5e4d065 elementor-widget__width-initial elementor-widget elementor-widget-text-editor\" data-id=\"5e4d065\" data-element_type=\"widget\" data-e-type=\"widget\" data-widget_type=\"text-editor.default\">\n\t\t\t\t\t\t\t\t\t<p>Apr\u00e8s la premi\u00e8re utilisation, ces \u00e9l\u00e9ments de coupe peuvent souvent \u00eatre r\u00e9utilis\u00e9s par r\u00e9aff\u00fbtage, parfois dans la dimension imm\u00e9diatement inf\u00e9rieure. Le mat\u00e9riau de coupe c\u00e9ramique ne n\u00e9cessite pas d&rsquo;agent de refroidissement. Nous nous ferons un plaisir de conseiller nos clients sur le choix du bon type de c\u00e9ramique.  <\/p>\t\t\t\t\t\t\t\t<\/div>\n\t\t<div class=\"elementor-element elementor-element-1330f72 e-con-full e-flex e-con e-child\" data-id=\"1330f72\" data-element_type=\"container\" data-e-type=\"container\">\n\t\t<div class=\"elementor-element elementor-element-11a484d e-grid e-con-full e-con e-child\" data-id=\"11a484d\" data-element_type=\"container\" data-e-type=\"container\">\n\t\t\t\t<div class=\"elementor-element elementor-element-4ea5fc9 e-transform ekit-equal-height-enable elementor-invisible elementor-widget elementor-widget-elementskit-icon-box\" data-id=\"4ea5fc9\" data-element_type=\"widget\" data-e-type=\"widget\" data-settings=\"{&quot;_animation&quot;:&quot;slideInUp&quot;,&quot;_animation_delay&quot;:200,&quot;_transform_rotateZ_effect_hover&quot;:{&quot;unit&quot;:&quot;px&quot;,&quot;size&quot;:4,&quot;sizes&quot;:[]},&quot;_transform_rotateZ_effect_hover_tablet&quot;:{&quot;unit&quot;:&quot;deg&quot;,&quot;size&quot;:&quot;&quot;,&quot;sizes&quot;:[]},&quot;_transform_rotateZ_effect_hover_mobile&quot;:{&quot;unit&quot;:&quot;deg&quot;,&quot;size&quot;:&quot;&quot;,&quot;sizes&quot;:[]}}\" data-widget_type=\"elementskit-icon-box.default\">\n\t\t\t\t\t<div class=\"ekit-wid-con\" >        <!-- link opening -->\n                <!-- end link opening -->\n\n        <div class=\"elementskit-infobox text-left text-left icon-top-align elementor-animation-   \">\n                    <div class=\"elementskit-box-header elementor-animation-\">\n                <div class=\"elementskit-info-box-icon  \">\n                    <svg aria-hidden=\"true\" class=\"elementkit-infobox-icon e-font-icon-svg e-fas-plus-circle\" viewBox=\"0 0 512 512\" xmlns=\"http:\/\/www.w3.org\/2000\/svg\"><path d=\"M256 8C119 8 8 119 8 256s111 248 248 248 248-111 248-248S393 8 256 8zm144 276c0 6.6-5.4 12-12 12h-92v92c0 6.6-5.4 12-12 12h-56c-6.6 0-12-5.4-12-12v-92h-92c-6.6 0-12-5.4-12-12v-56c0-6.6 5.4-12 12-12h92v-92c0-6.6 5.4-12 12-12h56c6.6 0 12 5.4 12 12v92h92c6.6 0 12 5.4 12 12v56z\"><\/path><\/svg>\n                <\/div>\n          <\/div>\n                        <div class=\"box-body\">\n                            <h3 class=\"elementskit-info-box-title\">\n                    Mat\u00e9riau de coupe l\u00e9ger et tr\u00e8s dur                <\/h3>\n                                            <\/div>\n        \n        \n                <\/div>\n        <\/div>\t\t\t\t<\/div>\n\t\t\t\t<div class=\"elementor-element elementor-element-c925112 e-transform ekit-equal-height-enable elementor-invisible elementor-widget elementor-widget-elementskit-icon-box\" data-id=\"c925112\" data-element_type=\"widget\" data-e-type=\"widget\" data-settings=\"{&quot;_animation&quot;:&quot;slideInUp&quot;,&quot;_animation_delay&quot;:200,&quot;_transform_rotateZ_effect_hover&quot;:{&quot;unit&quot;:&quot;px&quot;,&quot;size&quot;:4,&quot;sizes&quot;:[]},&quot;_transform_rotateZ_effect_hover_tablet&quot;:{&quot;unit&quot;:&quot;deg&quot;,&quot;size&quot;:&quot;&quot;,&quot;sizes&quot;:[]},&quot;_transform_rotateZ_effect_hover_mobile&quot;:{&quot;unit&quot;:&quot;deg&quot;,&quot;size&quot;:&quot;&quot;,&quot;sizes&quot;:[]}}\" data-widget_type=\"elementskit-icon-box.default\">\n\t\t\t\t\t<div class=\"ekit-wid-con\" >        <!-- link opening -->\n                <!-- end link opening -->\n\n        <div class=\"elementskit-infobox text-left text-left icon-top-align elementor-animation-   \">\n                    <div class=\"elementskit-box-header elementor-animation-\">\n                <div class=\"elementskit-info-box-icon  \">\n                    <svg aria-hidden=\"true\" class=\"elementkit-infobox-icon e-font-icon-svg e-fas-plus-circle\" viewBox=\"0 0 512 512\" xmlns=\"http:\/\/www.w3.org\/2000\/svg\"><path d=\"M256 8C119 8 8 119 8 256s111 248 248 248 248-111 248-248S393 8 256 8zm144 276c0 6.6-5.4 12-12 12h-92v92c0 6.6-5.4 12-12 12h-56c-6.6 0-12-5.4-12-12v-92h-92c-6.6 0-12-5.4-12-12v-56c0-6.6 5.4-12 12-12h92v-92c0-6.6 5.4-12 12-12h56c6.6 0 12 5.4 12 12v92h92c6.6 0 12 5.4 12 12v56z\"><\/path><\/svg>\n                <\/div>\n          <\/div>\n                        <div class=\"box-body\">\n                            <h3 class=\"elementskit-info-box-title\">\n                    Les WSP en c\u00e9ramique ne n\u00e9cessitent pas de refroidissement                <\/h3>\n                                            <\/div>\n        \n        \n                <\/div>\n        <\/div>\t\t\t\t<\/div>\n\t\t\t\t<div class=\"elementor-element elementor-element-9c51c5f e-transform ekit-equal-height-enable elementor-invisible elementor-widget elementor-widget-elementskit-icon-box\" data-id=\"9c51c5f\" data-element_type=\"widget\" data-e-type=\"widget\" data-settings=\"{&quot;_animation&quot;:&quot;slideInUp&quot;,&quot;_animation_delay&quot;:200,&quot;_transform_rotateZ_effect_hover&quot;:{&quot;unit&quot;:&quot;px&quot;,&quot;size&quot;:4,&quot;sizes&quot;:[]},&quot;_transform_rotateZ_effect_hover_tablet&quot;:{&quot;unit&quot;:&quot;deg&quot;,&quot;size&quot;:&quot;&quot;,&quot;sizes&quot;:[]},&quot;_transform_rotateZ_effect_hover_mobile&quot;:{&quot;unit&quot;:&quot;deg&quot;,&quot;size&quot;:&quot;&quot;,&quot;sizes&quot;:[]}}\" data-widget_type=\"elementskit-icon-box.default\">\n\t\t\t\t\t<div class=\"ekit-wid-con\" >        <!-- link opening -->\n                <!-- end link opening -->\n\n        <div class=\"elementskit-infobox text-left text-left icon-top-align elementor-animation-   \">\n                    <div class=\"elementskit-box-header elementor-animation-\">\n                <div class=\"elementskit-info-box-icon  \">\n                    <svg aria-hidden=\"true\" class=\"elementkit-infobox-icon e-font-icon-svg e-fas-plus-circle\" viewBox=\"0 0 512 512\" xmlns=\"http:\/\/www.w3.org\/2000\/svg\"><path d=\"M256 8C119 8 8 119 8 256s111 248 248 248 248-111 248-248S393 8 256 8zm144 276c0 6.6-5.4 12-12 12h-92v92c0 6.6-5.4 12-12 12h-56c-6.6 0-12-5.4-12-12v-92h-92c-6.6 0-12-5.4-12-12v-56c0-6.6 5.4-12 12-12h92v-92c0-6.6 5.4-12 12-12h56c6.6 0 12 5.4 12 12v92h92c6.6 0 12 5.4 12 12v56z\"><\/path><\/svg>\n                <\/div>\n          <\/div>\n                        <div class=\"box-body\">\n                            <h3 class=\"elementskit-info-box-title\">\n                    Bien adapt\u00e9 \u00e0 l&#039;usinage \u00e0 grande vitesse                <\/h3>\n                                            <\/div>\n        \n        \n                <\/div>\n        <\/div>\t\t\t\t<\/div>\n\t\t\t\t<\/div>\n\t\t\t\t<\/div>\n\t\t\t\t\t<\/div>\n\t\t\t\t<\/div>\n\t\t\t\t<\/div>\n\t\t","protected":false},"excerpt":{"rendered":"<p>\u00c9l\u00e9ment de coupe en c\u00e9ramique En savoir plus Les mat\u00e9riaux de coupe c\u00e9ramiques sont tr\u00e8s souvent utilis\u00e9s pour le tron\u00e7onnage ou le dressage de pi\u00e8ces en fonte ou en acier moul\u00e9 dur, ainsi que pour l&rsquo;usinage de pr\u00e9cision des mat\u00e9riaux. En outre, ce mat\u00e9riau de coupe est souvent utilis\u00e9 de mani\u00e8re efficace dans le fraisage. [&hellip;]<\/p>\n","protected":false},"author":2,"featured_media":0,"parent":4067,"menu_order":0,"comment_status":"closed","ping_status":"closed","template":"","meta":{"footnotes":""},"class_list":["post-4338","page","type-page","status-publish","hentry"],"yoast_head":"<!-- This site is optimized with the Yoast SEO plugin v27.2 - https:\/\/yoast.com\/product\/yoast-seo-wordpress\/ -->\n<title>C\u00e9ramique - El\u00e9ments de coupe - Produits - LWS HighLife Tool Service<\/title>\n<meta name=\"description\" content=\"Corps de coupe en c\u00e9ramique pour l&#039;usinage \u00e0 grande vitesse et la fonte - dur, sans arrosage et r\u00e9aff\u00fbtable.\" \/>\n<meta name=\"robots\" content=\"index, follow, max-snippet:-1, max-image-preview:large, max-video-preview:-1\" \/>\n<link rel=\"canonical\" href=\"https:\/\/lws-gmbh.de\/fr\/produits\/ceramique-elements-de-coupe\/\" \/>\n<meta property=\"og:locale\" content=\"fr_FR\" \/>\n<meta property=\"og:type\" content=\"article\" \/>\n<meta property=\"og:title\" content=\"C\u00e9ramique - El\u00e9ments de coupe - Produits - LWS HighLife Tool Service\" \/>\n<meta property=\"og:description\" content=\"Corps de coupe en c\u00e9ramique pour l&#039;usinage \u00e0 grande vitesse et la fonte - dur, sans arrosage et r\u00e9aff\u00fbtable.\" \/>\n<meta property=\"og:url\" content=\"https:\/\/lws-gmbh.de\/fr\/produits\/ceramique-elements-de-coupe\/\" \/>\n<meta property=\"og:site_name\" content=\"LWS GmbH\" \/>\n<meta property=\"article:modified_time\" content=\"2026-04-30T12:14:19+00:00\" \/>\n<meta name=\"twitter:card\" content=\"summary_large_image\" \/>\n<meta name=\"twitter:label1\" content=\"Dur\u00e9e de lecture estim\u00e9e\" \/>\n\t<meta name=\"twitter:data1\" content=\"1 minute\" \/>\n<script type=\"application\/ld+json\" class=\"yoast-schema-graph\">{\"@context\":\"https:\/\/schema.org\",\"@graph\":[{\"@type\":\"WebPage\",\"@id\":\"https:\/\/lws-gmbh.de\/fr\/produits\/ceramique-elements-de-coupe\/\",\"url\":\"https:\/\/lws-gmbh.de\/fr\/produits\/ceramique-elements-de-coupe\/\",\"name\":\"C\u00e9ramique - El\u00e9ments de coupe - Produits - LWS HighLife Tool Service\",\"isPartOf\":{\"@id\":\"https:\/\/lws-gmbh.de\/fr\/#website\"},\"datePublished\":\"2025-11-17T08:45:09+00:00\",\"dateModified\":\"2026-04-30T12:14:19+00:00\",\"description\":\"Corps de coupe en c\u00e9ramique pour l'usinage \u00e0 grande vitesse et la fonte - dur, sans arrosage et r\u00e9aff\u00fbtable.\",\"breadcrumb\":{\"@id\":\"https:\/\/lws-gmbh.de\/fr\/produits\/ceramique-elements-de-coupe\/#breadcrumb\"},\"inLanguage\":\"fr-FR\",\"potentialAction\":[{\"@type\":\"ReadAction\",\"target\":[\"https:\/\/lws-gmbh.de\/fr\/produits\/ceramique-elements-de-coupe\/\"]}]},{\"@type\":\"BreadcrumbList\",\"@id\":\"https:\/\/lws-gmbh.de\/fr\/produits\/ceramique-elements-de-coupe\/#breadcrumb\",\"itemListElement\":[{\"@type\":\"ListItem\",\"position\":1,\"name\":\"Startseite\",\"item\":\"https:\/\/lws-gmbh.de\/fr\/\"},{\"@type\":\"ListItem\",\"position\":2,\"name\":\"Produits\",\"item\":\"https:\/\/lws-gmbh.de\/fr\/produits\/\"},{\"@type\":\"ListItem\",\"position\":3,\"name\":\"C\u00e9ramique &#8211; \u00e9l\u00e9ments de coupe\"}]},{\"@type\":\"WebSite\",\"@id\":\"https:\/\/lws-gmbh.de\/fr\/#website\",\"url\":\"https:\/\/lws-gmbh.de\/fr\/\",\"name\":\"LWS GmbH\",\"description\":\"Lechner Werkzeug Service\",\"publisher\":{\"@id\":\"https:\/\/lws-gmbh.de\/fr\/#organization\"},\"potentialAction\":[{\"@type\":\"SearchAction\",\"target\":{\"@type\":\"EntryPoint\",\"urlTemplate\":\"https:\/\/lws-gmbh.de\/fr\/?s={search_term_string}\"},\"query-input\":{\"@type\":\"PropertyValueSpecification\",\"valueRequired\":true,\"valueName\":\"search_term_string\"}}],\"inLanguage\":\"fr-FR\"},{\"@type\":\"Organization\",\"@id\":\"https:\/\/lws-gmbh.de\/fr\/#organization\",\"name\":\"LWS GmbH\",\"url\":\"https:\/\/lws-gmbh.de\/fr\/\",\"logo\":{\"@type\":\"ImageObject\",\"inLanguage\":\"fr-FR\",\"@id\":\"https:\/\/lws-gmbh.de\/fr\/#\/schema\/logo\/image\/\",\"url\":\"https:\/\/lws-gmbh.de\/wp-content\/uploads\/2025\/09\/lws-logo.png\",\"contentUrl\":\"https:\/\/lws-gmbh.de\/wp-content\/uploads\/2025\/09\/lws-logo.png\",\"width\":449,\"height\":143,\"caption\":\"LWS GmbH\"},\"image\":{\"@id\":\"https:\/\/lws-gmbh.de\/fr\/#\/schema\/logo\/image\/\"}}]}<\/script>\n<!-- \/ Yoast SEO plugin. -->","yoast_head_json":{"title":"C\u00e9ramique - El\u00e9ments de coupe - Produits - LWS HighLife Tool Service","description":"Corps de coupe en c\u00e9ramique pour l'usinage \u00e0 grande vitesse et la fonte - dur, sans arrosage et r\u00e9aff\u00fbtable.","robots":{"index":"index","follow":"follow","max-snippet":"max-snippet:-1","max-image-preview":"max-image-preview:large","max-video-preview":"max-video-preview:-1"},"canonical":"https:\/\/lws-gmbh.de\/fr\/produits\/ceramique-elements-de-coupe\/","og_locale":"fr_FR","og_type":"article","og_title":"C\u00e9ramique - El\u00e9ments de coupe - Produits - LWS HighLife Tool Service","og_description":"Corps de coupe en c\u00e9ramique pour l'usinage \u00e0 grande vitesse et la fonte - dur, sans arrosage et r\u00e9aff\u00fbtable.","og_url":"https:\/\/lws-gmbh.de\/fr\/produits\/ceramique-elements-de-coupe\/","og_site_name":"LWS GmbH","article_modified_time":"2026-04-30T12:14:19+00:00","twitter_card":"summary_large_image","twitter_misc":{"Dur\u00e9e de lecture estim\u00e9e":"1 minute"},"schema":{"@context":"https:\/\/schema.org","@graph":[{"@type":"WebPage","@id":"https:\/\/lws-gmbh.de\/fr\/produits\/ceramique-elements-de-coupe\/","url":"https:\/\/lws-gmbh.de\/fr\/produits\/ceramique-elements-de-coupe\/","name":"C\u00e9ramique - El\u00e9ments de coupe - Produits - LWS HighLife Tool Service","isPartOf":{"@id":"https:\/\/lws-gmbh.de\/fr\/#website"},"datePublished":"2025-11-17T08:45:09+00:00","dateModified":"2026-04-30T12:14:19+00:00","description":"Corps de coupe en c\u00e9ramique pour l'usinage \u00e0 grande vitesse et la fonte - dur, sans arrosage et r\u00e9aff\u00fbtable.","breadcrumb":{"@id":"https:\/\/lws-gmbh.de\/fr\/produits\/ceramique-elements-de-coupe\/#breadcrumb"},"inLanguage":"fr-FR","potentialAction":[{"@type":"ReadAction","target":["https:\/\/lws-gmbh.de\/fr\/produits\/ceramique-elements-de-coupe\/"]}]},{"@type":"BreadcrumbList","@id":"https:\/\/lws-gmbh.de\/fr\/produits\/ceramique-elements-de-coupe\/#breadcrumb","itemListElement":[{"@type":"ListItem","position":1,"name":"Startseite","item":"https:\/\/lws-gmbh.de\/fr\/"},{"@type":"ListItem","position":2,"name":"Produits","item":"https:\/\/lws-gmbh.de\/fr\/produits\/"},{"@type":"ListItem","position":3,"name":"C\u00e9ramique &#8211; \u00e9l\u00e9ments de coupe"}]},{"@type":"WebSite","@id":"https:\/\/lws-gmbh.de\/fr\/#website","url":"https:\/\/lws-gmbh.de\/fr\/","name":"LWS GmbH","description":"Lechner Werkzeug Service","publisher":{"@id":"https:\/\/lws-gmbh.de\/fr\/#organization"},"potentialAction":[{"@type":"SearchAction","target":{"@type":"EntryPoint","urlTemplate":"https:\/\/lws-gmbh.de\/fr\/?s={search_term_string}"},"query-input":{"@type":"PropertyValueSpecification","valueRequired":true,"valueName":"search_term_string"}}],"inLanguage":"fr-FR"},{"@type":"Organization","@id":"https:\/\/lws-gmbh.de\/fr\/#organization","name":"LWS GmbH","url":"https:\/\/lws-gmbh.de\/fr\/","logo":{"@type":"ImageObject","inLanguage":"fr-FR","@id":"https:\/\/lws-gmbh.de\/fr\/#\/schema\/logo\/image\/","url":"https:\/\/lws-gmbh.de\/wp-content\/uploads\/2025\/09\/lws-logo.png","contentUrl":"https:\/\/lws-gmbh.de\/wp-content\/uploads\/2025\/09\/lws-logo.png","width":449,"height":143,"caption":"LWS GmbH"},"image":{"@id":"https:\/\/lws-gmbh.de\/fr\/#\/schema\/logo\/image\/"}}]}},"_links":{"self":[{"href":"https:\/\/lws-gmbh.de\/fr\/wp-json\/wp\/v2\/pages\/4338","targetHints":{"allow":["GET"]}}],"collection":[{"href":"https:\/\/lws-gmbh.de\/fr\/wp-json\/wp\/v2\/pages"}],"about":[{"href":"https:\/\/lws-gmbh.de\/fr\/wp-json\/wp\/v2\/types\/page"}],"author":[{"embeddable":true,"href":"https:\/\/lws-gmbh.de\/fr\/wp-json\/wp\/v2\/users\/2"}],"replies":[{"embeddable":true,"href":"https:\/\/lws-gmbh.de\/fr\/wp-json\/wp\/v2\/comments?post=4338"}],"version-history":[{"count":1,"href":"https:\/\/lws-gmbh.de\/fr\/wp-json\/wp\/v2\/pages\/4338\/revisions"}],"predecessor-version":[{"id":4348,"href":"https:\/\/lws-gmbh.de\/fr\/wp-json\/wp\/v2\/pages\/4338\/revisions\/4348"}],"up":[{"embeddable":true,"href":"https:\/\/lws-gmbh.de\/fr\/wp-json\/wp\/v2\/pages\/4067"}],"wp:attachment":[{"href":"https:\/\/lws-gmbh.de\/fr\/wp-json\/wp\/v2\/media?parent=4338"}],"curies":[{"name":"wp","href":"https:\/\/api.w.org\/{rel}","templated":true}]}}