{"id":4057,"date":"2025-11-13T10:54:52","date_gmt":"2025-11-13T09:54:52","guid":{"rendered":"https:\/\/lws-gmbh.de\/impressum\/"},"modified":"2026-04-30T14:13:47","modified_gmt":"2026-04-30T12:13:47","slug":"mentions-legales","status":"publish","type":"page","link":"https:\/\/lws-gmbh.de\/fr\/mentions-legales\/","title":{"rendered":"Mentions l\u00e9gales"},"content":{"rendered":"\t\t<div data-elementor-type=\"wp-page\" data-elementor-id=\"4057\" class=\"elementor elementor-4057 elementor-1795\" data-elementor-post-type=\"page\">\n\t\t\t\t<div class=\"elementor-element elementor-element-d8d3417 e-flex e-con-boxed e-con e-parent\" data-id=\"d8d3417\" data-element_type=\"container\" data-e-type=\"container\" data-settings=\"{&quot;background_background&quot;:&quot;gradient&quot;}\">\n\t\t\t\t\t<div class=\"e-con-inner\">\n\t\t<div class=\"elementor-element elementor-element-76225e1 e-flex e-con-boxed elementor-invisible e-con e-child\" data-id=\"76225e1\" data-element_type=\"container\" data-e-type=\"container\" data-settings=\"{&quot;animation&quot;:&quot;slideInUp&quot;,&quot;animation_delay&quot;:150}\">\n\t\t\t\t\t<div class=\"e-con-inner\">\n\t\t<div class=\"elementor-element elementor-element-466497d e-con-full e-flex e-con e-child\" data-id=\"466497d\" data-element_type=\"container\" data-e-type=\"container\">\n\t\t\t\t<div class=\"elementor-element elementor-element-15eb4e4 elementor-widget elementor-widget-heading\" data-id=\"15eb4e4\" data-element_type=\"widget\" data-e-type=\"widget\" data-widget_type=\"heading.default\">\n\t\t\t\t\t<div class=\"elementor-heading-title elementor-size-default\">\ud83d\udcde<\/div>\t\t\t\t<\/div>\n\t\t\t\t<div class=\"elementor-element elementor-element-b76d4fc elementor-widget elementor-widget-heading\" data-id=\"b76d4fc\" data-element_type=\"widget\" data-e-type=\"widget\" data-widget_type=\"heading.default\">\n\t\t\t\t\t<h2 class=\"elementor-heading-title elementor-size-default\">Mentions l\u00e9gales<\/h2>\t\t\t\t<\/div>\n\t\t\t\t<\/div>\n\t\t\t\t<div class=\"elementor-element elementor-element-b498e22 elementor-widget__width-initial elementor-widget elementor-widget-elementskit-heading\" data-id=\"b498e22\" data-element_type=\"widget\" data-e-type=\"widget\" data-widget_type=\"elementskit-heading.default\">\n\t\t\t\t\t<div class=\"ekit-wid-con\" ><div class=\"ekit-heading elementskit-section-title-wraper text_center   ekit_heading_tablet-   ekit_heading_mobile-\"><h1 class=\"ekit-heading--title elementskit-section-title text_fill\"><span><span>Impressum<\/span><\/span><\/h1><\/div><\/div>\t\t\t\t<\/div>\n\t\t\t\t<div class=\"elementor-element elementor-element-ea921cb elementor-align-center elementor-hidden-desktop elementor-hidden-tablet elementor-hidden-mobile elementor-widget elementor-widget-button\" data-id=\"ea921cb\" data-element_type=\"widget\" data-e-type=\"widget\" data-widget_type=\"button.default\">\n\t\t\t\t\t\t\t\t\t\t<a class=\"elementor-button elementor-button-link elementor-size-sm\" href=\"https:\/\/lws-gmbh.de\/unternehmen\/ansprechpartner\/\" target=\"_blank\">\n\t\t\t\t\t\t<span class=\"elementor-button-content-wrapper\">\n\t\t\t\t\t\t\t\t\t<span class=\"elementor-button-text\">Tous les contacts<\/span>\n\t\t\t\t\t<\/span>\n\t\t\t\t\t<\/a>\n\t\t\t\t\t\t\t\t<\/div>\n\t\t\t\t\t<\/div>\n\t\t\t\t<\/div>\n\t\t\t\t\t<\/div>\n\t\t\t\t<\/div>\n\t\t<div class=\"elementor-element elementor-element-1bfc0d0 e-flex e-con-boxed e-con e-parent\" data-id=\"1bfc0d0\" data-element_type=\"container\" data-e-type=\"container\">\n\t\t\t\t\t<div class=\"e-con-inner\">\n\t\t<div class=\"elementor-element elementor-element-5c2a5e2 e-con-full e-flex e-con e-child\" data-id=\"5c2a5e2\" data-element_type=\"container\" data-e-type=\"container\">\n\t\t<div class=\"elementor-element elementor-element-e62488c e-flex e-con-boxed e-con e-child\" data-id=\"e62488c\" data-element_type=\"container\" data-e-type=\"container\">\n\t\t\t\t\t<div class=\"e-con-inner\">\n\t\t\t\t<div class=\"elementor-element elementor-element-52cf1b0 elementor-widget elementor-widget-text-editor\" data-id=\"52cf1b0\" data-element_type=\"widget\" data-e-type=\"widget\" data-widget_type=\"text-editor.default\">\n\t\t\t\t\t\t\t\t\t<h4><span class=\"bold\">LWS GmbH Lechner Werkzeug Service<\/span><\/h4><p>13, rue Sommerau<br>91555 Feuchtwangen<\/p><p>T\u00e9l\u00e9phone :<a href=\"tel:09852672490\"> (0 98 52) 6 72 49-0<\/a><br>T\u00e9l\u00e9copieur : <a href=\"tel:098526724990\">(0 98 52) 6 72 49-90<\/a><\/p><p>Courrier \u00e9lectronique : <a href=\"mailto:info@lws-gmbh.de\"><span class=\"tycoon_ersetze_adresse\" data-value=\"vasb&lt;wpml_curved wpml_value='ng'&gt;&lt;\/wpml_curved&gt;yjf-tzou.qr\">info@lws-gmbh.de<\/span><\/a><br>Internet : <a href=\"http:\/\/www.lws-gmbh.de\">www.lws-gmbh.de<\/a><\/p><p><strong><span class=\"bold\">G\u00e9rants autoris\u00e9s \u00e0 repr\u00e9senter l&rsquo;entreprise :<\/span><\/strong> Fabian Lechner<\/p><p><strong><span class=\"bold\">Tribunal d&rsquo;enregistrement : <\/span><\/strong>Registre du commerce d&rsquo;Ansbach, HRB 2151<br><strong><span class=\"bold\">Num\u00e9ro d&rsquo;identification de la taxe sur le chiffre d&rsquo;affaires conform\u00e9ment au \u00a727a de la loi sur la taxe sur le chiffre d&rsquo;affaires : <\/span><\/strong>DE 165841462<\/p><p><strong><span class=\"bold\">Responsable du contenu conform\u00e9ment au \u00a755 Abs. 2 RStV : <\/span><\/strong>Fabian Lechner (voir adresse \u00e0 gauche)<\/p><h4><strong><br>Clause de non-responsabilit\u00e9 (Disclaimer)<\/strong><\/h4><h5>Responsabilit\u00e9 du contenu<\/h5><p>En tant que prestataire de services, nous sommes responsables de nos propres contenus sur ces pages conform\u00e9ment \u00e0 la l\u00e9gislation g\u00e9n\u00e9rale. En tant que prestataire de services, nous ne sommes toutefois pas tenus de surveiller les informations externes transmises ou enregistr\u00e9es ou de rechercher des circonstances indiquant une activit\u00e9 ill\u00e9gale. L&rsquo;obligation de supprimer ou de bloquer l&rsquo;utilisation d&rsquo;informations conform\u00e9ment aux lois g\u00e9n\u00e9rales reste inchang\u00e9e. Une responsabilit\u00e9 \u00e0 cet \u00e9gard n&rsquo;est toutefois possible qu&rsquo;\u00e0 partir du moment o\u00f9 une violation concr\u00e8te de la loi est connue. D\u00e8s la prise de connaissance d&rsquo;une telle violation, nous supprimerons imm\u00e9diatement le contenu concern\u00e9.    <\/p><h5>Responsabilit\u00e9 des liens<\/h5><p>Notre offre contient des liens vers des sites web externes de tiers, sur lesquels nous n&rsquo;avons aucune influence. Nous ne pouvons donc pas nous porter garants de ces contenus externes. Le fournisseur ou l&rsquo;exploitant des pages li\u00e9es est toujours responsable du contenu de ces pages. Les pages li\u00e9es ont \u00e9t\u00e9 v\u00e9rifi\u00e9es au moment de la cr\u00e9ation du lien afin de s&rsquo;assurer qu&rsquo;elles n&rsquo;enfreignaient pas la loi. Aucun contenu ill\u00e9gal n&rsquo;a \u00e9t\u00e9 identifi\u00e9 au moment de la cr\u00e9ation du lien. Un contr\u00f4le permanent du contenu des pages li\u00e9es n&rsquo;est cependant pas exigible sans indices concrets d&rsquo;une violation de la loi. Si nous prenons connaissance d&rsquo;une violation de la loi, nous supprimerons imm\u00e9diatement les liens concern\u00e9s.      <\/p><h5>Droit d&rsquo;auteur<\/h5><p>Les contenus et \u0153uvres cr\u00e9\u00e9s par les exploitants de ces pages sont soumis au droit d&rsquo;auteur allemand. La reproduction, le traitement, la diffusion et tout type d&rsquo;exploitation en dehors des limites du droit d&rsquo;auteur requi\u00e8rent l&rsquo;accord \u00e9crit de l&rsquo;auteur ou du cr\u00e9ateur concern\u00e9. Les t\u00e9l\u00e9chargements et les copies de ce site ne sont autoris\u00e9s que pour un usage priv\u00e9 et non commercial. Dans la mesure o\u00f9 les contenus de ce site n&rsquo;ont pas \u00e9t\u00e9 cr\u00e9\u00e9s par l&rsquo;exploitant, les droits d&rsquo;auteur de tiers sont respect\u00e9s. En particulier, les contenus de tiers sont identifi\u00e9s comme tels. Si vous deviez n\u00e9anmoins constater une violation des droits d&rsquo;auteur, nous vous prions de nous en informer. D\u00e8s que nous aurons connaissance d&rsquo;une violation de la loi, nous supprimerons imm\u00e9diatement le contenu en question.      <\/p><p>Source : https:\/\/www.e-recht24.de<\/p><h5>Information conform\u00e9ment au \u00a7 36 VSBG<\/h5><p>Conform\u00e9ment au \u00a7 36 de la VSBG (loi allemande sur le r\u00e8glement des litiges de consommation &#8211; loi sur le r\u00e8glement alternatif des litiges de consommation), l&rsquo;exploitant de ce site Internet d\u00e9clare :<\/p><p>Nous ne sommes ni pr\u00eats ni oblig\u00e9s de participer \u00e0 des proc\u00e9dures de r\u00e8glement des litiges devant un organisme de conciliation des consommateurs.<\/p><p>Les mentions l\u00e9gales ont \u00e9t\u00e9 cr\u00e9\u00e9es \u00e0 l&rsquo;aide du g\u00e9n\u00e9rateur de mentions l\u00e9gales d&rsquo;activeMind AG.<\/p><p><strong><span class=\"bold\">Cr\u00e9dit photo<\/span><\/strong><br>LWS GmbH Lechner Werkzeug Service<\/p>\t\t\t\t\t\t\t\t<\/div>\n\t\t\t\t\t<\/div>\n\t\t\t\t<\/div>\n\t\t\t\t<\/div>\n\t\t\t\t\t<\/div>\n\t\t\t\t<\/div>\n\t\t\t\t<\/div>\n\t\t","protected":false},"excerpt":{"rendered":"<p>\ud83d\udcde Mentions l\u00e9gales Impressum Tous les contacts LWS GmbH Lechner Werkzeug Service 13, rue Sommerau91555 Feuchtwangen T\u00e9l\u00e9phone : (0 98 52) 6 72 49-0T\u00e9l\u00e9copieur : (0 98 52) 6 72 49-90 Courrier \u00e9lectronique : info@lws-gmbh.deInternet : www.lws-gmbh.de G\u00e9rants autoris\u00e9s \u00e0 repr\u00e9senter l&rsquo;entreprise : Fabian Lechner Tribunal d&rsquo;enregistrement : Registre du commerce d&rsquo;Ansbach, HRB 2151Num\u00e9ro d&rsquo;identification [&hellip;]<\/p>\n","protected":false},"author":1,"featured_media":0,"parent":0,"menu_order":0,"comment_status":"closed","ping_status":"closed","template":"","meta":{"footnotes":""},"class_list":["post-4057","page","type-page","status-publish","hentry"],"yoast_head":"<!-- This site is optimized with the Yoast SEO plugin v27.2 - https:\/\/yoast.com\/product\/yoast-seo-wordpress\/ -->\n<title>Mentions l\u00e9gales - LWS GmbH<\/title>\n<meta name=\"description\" content=\"Mentions l\u00e9gales de LWS Werkzeugbau GmbH avec les donn\u00e9es centrales de l&#039;entreprise et les principales informations l\u00e9gales.\" \/>\n<meta name=\"robots\" content=\"index, follow, max-snippet:-1, max-image-preview:large, max-video-preview:-1\" \/>\n<link rel=\"canonical\" href=\"https:\/\/lws-gmbh.de\/fr\/mentions-legales\/\" \/>\n<meta property=\"og:locale\" content=\"fr_FR\" \/>\n<meta property=\"og:type\" content=\"article\" \/>\n<meta property=\"og:title\" content=\"Mentions l\u00e9gales - LWS GmbH\" \/>\n<meta property=\"og:description\" content=\"Mentions l\u00e9gales de LWS Werkzeugbau GmbH avec les donn\u00e9es centrales de l&#039;entreprise et les principales informations l\u00e9gales.\" \/>\n<meta property=\"og:url\" content=\"https:\/\/lws-gmbh.de\/fr\/mentions-legales\/\" \/>\n<meta property=\"og:site_name\" content=\"LWS GmbH\" \/>\n<meta property=\"article:modified_time\" content=\"2026-04-30T12:13:47+00:00\" \/>\n<meta name=\"twitter:card\" content=\"summary_large_image\" \/>\n<meta name=\"twitter:label1\" content=\"Dur\u00e9e de lecture estim\u00e9e\" \/>\n\t<meta name=\"twitter:data1\" content=\"3 minutes\" \/>\n<script type=\"application\/ld+json\" class=\"yoast-schema-graph\">{\"@context\":\"https:\/\/schema.org\",\"@graph\":[{\"@type\":\"WebPage\",\"@id\":\"https:\/\/lws-gmbh.de\/fr\/mentions-legales\/\",\"url\":\"https:\/\/lws-gmbh.de\/fr\/mentions-legales\/\",\"name\":\"Mentions l\u00e9gales - LWS GmbH\",\"isPartOf\":{\"@id\":\"https:\/\/lws-gmbh.de\/fr\/#website\"},\"datePublished\":\"2025-11-13T09:54:52+00:00\",\"dateModified\":\"2026-04-30T12:13:47+00:00\",\"description\":\"Mentions l\u00e9gales de LWS Werkzeugbau GmbH avec les donn\u00e9es centrales de l'entreprise et les principales informations l\u00e9gales.\",\"breadcrumb\":{\"@id\":\"https:\/\/lws-gmbh.de\/fr\/mentions-legales\/#breadcrumb\"},\"inLanguage\":\"fr-FR\",\"potentialAction\":[{\"@type\":\"ReadAction\",\"target\":[\"https:\/\/lws-gmbh.de\/fr\/mentions-legales\/\"]}]},{\"@type\":\"BreadcrumbList\",\"@id\":\"https:\/\/lws-gmbh.de\/fr\/mentions-legales\/#breadcrumb\",\"itemListElement\":[{\"@type\":\"ListItem\",\"position\":1,\"name\":\"Startseite\",\"item\":\"https:\/\/lws-gmbh.de\/fr\/\"},{\"@type\":\"ListItem\",\"position\":2,\"name\":\"Mentions l\u00e9gales\"}]},{\"@type\":\"WebSite\",\"@id\":\"https:\/\/lws-gmbh.de\/fr\/#website\",\"url\":\"https:\/\/lws-gmbh.de\/fr\/\",\"name\":\"LWS GmbH\",\"description\":\"Lechner Werkzeug Service\",\"publisher\":{\"@id\":\"https:\/\/lws-gmbh.de\/fr\/#organization\"},\"potentialAction\":[{\"@type\":\"SearchAction\",\"target\":{\"@type\":\"EntryPoint\",\"urlTemplate\":\"https:\/\/lws-gmbh.de\/fr\/?s={search_term_string}\"},\"query-input\":{\"@type\":\"PropertyValueSpecification\",\"valueRequired\":true,\"valueName\":\"search_term_string\"}}],\"inLanguage\":\"fr-FR\"},{\"@type\":\"Organization\",\"@id\":\"https:\/\/lws-gmbh.de\/fr\/#organization\",\"name\":\"LWS GmbH\",\"url\":\"https:\/\/lws-gmbh.de\/fr\/\",\"logo\":{\"@type\":\"ImageObject\",\"inLanguage\":\"fr-FR\",\"@id\":\"https:\/\/lws-gmbh.de\/fr\/#\/schema\/logo\/image\/\",\"url\":\"https:\/\/lws-gmbh.de\/wp-content\/uploads\/2025\/09\/lws-logo.png\",\"contentUrl\":\"https:\/\/lws-gmbh.de\/wp-content\/uploads\/2025\/09\/lws-logo.png\",\"width\":449,\"height\":143,\"caption\":\"LWS GmbH\"},\"image\":{\"@id\":\"https:\/\/lws-gmbh.de\/fr\/#\/schema\/logo\/image\/\"}}]}<\/script>\n<!-- \/ Yoast SEO plugin. -->","yoast_head_json":{"title":"Mentions l\u00e9gales - LWS GmbH","description":"Mentions l\u00e9gales de LWS Werkzeugbau GmbH avec les donn\u00e9es centrales de l'entreprise et les principales informations l\u00e9gales.","robots":{"index":"index","follow":"follow","max-snippet":"max-snippet:-1","max-image-preview":"max-image-preview:large","max-video-preview":"max-video-preview:-1"},"canonical":"https:\/\/lws-gmbh.de\/fr\/mentions-legales\/","og_locale":"fr_FR","og_type":"article","og_title":"Mentions l\u00e9gales - LWS GmbH","og_description":"Mentions l\u00e9gales de LWS Werkzeugbau GmbH avec les donn\u00e9es centrales de l'entreprise et les principales informations l\u00e9gales.","og_url":"https:\/\/lws-gmbh.de\/fr\/mentions-legales\/","og_site_name":"LWS GmbH","article_modified_time":"2026-04-30T12:13:47+00:00","twitter_card":"summary_large_image","twitter_misc":{"Dur\u00e9e de lecture estim\u00e9e":"3 minutes"},"schema":{"@context":"https:\/\/schema.org","@graph":[{"@type":"WebPage","@id":"https:\/\/lws-gmbh.de\/fr\/mentions-legales\/","url":"https:\/\/lws-gmbh.de\/fr\/mentions-legales\/","name":"Mentions l\u00e9gales - LWS GmbH","isPartOf":{"@id":"https:\/\/lws-gmbh.de\/fr\/#website"},"datePublished":"2025-11-13T09:54:52+00:00","dateModified":"2026-04-30T12:13:47+00:00","description":"Mentions l\u00e9gales de LWS Werkzeugbau GmbH avec les donn\u00e9es centrales de l'entreprise et les principales informations l\u00e9gales.","breadcrumb":{"@id":"https:\/\/lws-gmbh.de\/fr\/mentions-legales\/#breadcrumb"},"inLanguage":"fr-FR","potentialAction":[{"@type":"ReadAction","target":["https:\/\/lws-gmbh.de\/fr\/mentions-legales\/"]}]},{"@type":"BreadcrumbList","@id":"https:\/\/lws-gmbh.de\/fr\/mentions-legales\/#breadcrumb","itemListElement":[{"@type":"ListItem","position":1,"name":"Startseite","item":"https:\/\/lws-gmbh.de\/fr\/"},{"@type":"ListItem","position":2,"name":"Mentions l\u00e9gales"}]},{"@type":"WebSite","@id":"https:\/\/lws-gmbh.de\/fr\/#website","url":"https:\/\/lws-gmbh.de\/fr\/","name":"LWS GmbH","description":"Lechner Werkzeug Service","publisher":{"@id":"https:\/\/lws-gmbh.de\/fr\/#organization"},"potentialAction":[{"@type":"SearchAction","target":{"@type":"EntryPoint","urlTemplate":"https:\/\/lws-gmbh.de\/fr\/?s={search_term_string}"},"query-input":{"@type":"PropertyValueSpecification","valueRequired":true,"valueName":"search_term_string"}}],"inLanguage":"fr-FR"},{"@type":"Organization","@id":"https:\/\/lws-gmbh.de\/fr\/#organization","name":"LWS GmbH","url":"https:\/\/lws-gmbh.de\/fr\/","logo":{"@type":"ImageObject","inLanguage":"fr-FR","@id":"https:\/\/lws-gmbh.de\/fr\/#\/schema\/logo\/image\/","url":"https:\/\/lws-gmbh.de\/wp-content\/uploads\/2025\/09\/lws-logo.png","contentUrl":"https:\/\/lws-gmbh.de\/wp-content\/uploads\/2025\/09\/lws-logo.png","width":449,"height":143,"caption":"LWS GmbH"},"image":{"@id":"https:\/\/lws-gmbh.de\/fr\/#\/schema\/logo\/image\/"}}]}},"_links":{"self":[{"href":"https:\/\/lws-gmbh.de\/fr\/wp-json\/wp\/v2\/pages\/4057","targetHints":{"allow":["GET"]}}],"collection":[{"href":"https:\/\/lws-gmbh.de\/fr\/wp-json\/wp\/v2\/pages"}],"about":[{"href":"https:\/\/lws-gmbh.de\/fr\/wp-json\/wp\/v2\/types\/page"}],"author":[{"embeddable":true,"href":"https:\/\/lws-gmbh.de\/fr\/wp-json\/wp\/v2\/users\/1"}],"replies":[{"embeddable":true,"href":"https:\/\/lws-gmbh.de\/fr\/wp-json\/wp\/v2\/comments?post=4057"}],"version-history":[{"count":3,"href":"https:\/\/lws-gmbh.de\/fr\/wp-json\/wp\/v2\/pages\/4057\/revisions"}],"predecessor-version":[{"id":4061,"href":"https:\/\/lws-gmbh.de\/fr\/wp-json\/wp\/v2\/pages\/4057\/revisions\/4061"}],"wp:attachment":[{"href":"https:\/\/lws-gmbh.de\/fr\/wp-json\/wp\/v2\/media?parent=4057"}],"curies":[{"name":"wp","href":"https:\/\/api.w.org\/{rel}","templated":true}]}}