{"id":4002,"date":"2025-11-10T09:02:33","date_gmt":"2025-11-10T08:02:33","guid":{"rendered":"https:\/\/lws-gmbh.de\/kontakt\/"},"modified":"2026-04-30T14:13:35","modified_gmt":"2026-04-30T12:13:35","slug":"contact","status":"publish","type":"page","link":"https:\/\/lws-gmbh.de\/fr\/contact\/","title":{"rendered":"Contact"},"content":{"rendered":"\t\t<div data-elementor-type=\"wp-page\" data-elementor-id=\"4002\" class=\"elementor elementor-4002 elementor-1123\" data-elementor-post-type=\"page\">\n\t\t\t\t<div class=\"elementor-element elementor-element-d8d3417 e-flex e-con-boxed e-con e-parent\" data-id=\"d8d3417\" data-element_type=\"container\" data-e-type=\"container\" data-settings=\"{&quot;background_background&quot;:&quot;gradient&quot;}\">\n\t\t\t\t\t<div class=\"e-con-inner\">\n\t\t<div class=\"elementor-element elementor-element-76225e1 e-flex e-con-boxed elementor-invisible e-con e-child\" data-id=\"76225e1\" data-element_type=\"container\" data-e-type=\"container\" data-settings=\"{&quot;animation&quot;:&quot;slideInUp&quot;,&quot;animation_delay&quot;:150}\">\n\t\t\t\t\t<div class=\"e-con-inner\">\n\t\t\t\t<div class=\"elementor-element elementor-element-b498e22 elementor-widget__width-initial elementor-widget elementor-widget-elementskit-heading\" data-id=\"b498e22\" data-element_type=\"widget\" data-e-type=\"widget\" data-widget_type=\"elementskit-heading.default\">\n\t\t\t\t\t<div class=\"ekit-wid-con\" ><div class=\"ekit-heading elementskit-section-title-wraper text_center   ekit_heading_tablet-   ekit_heading_mobile-\"><h1 class=\"ekit-heading--title elementskit-section-title text_fill\">Votre <span><span>fil<\/span><\/span> direct vers la pr\u00e9cision<\/h1><\/div><\/div>\t\t\t\t<\/div>\n\t\t\t\t<div class=\"elementor-element elementor-element-ea921cb elementor-align-center elementor-widget elementor-widget-button\" data-id=\"ea921cb\" data-element_type=\"widget\" data-e-type=\"widget\" data-widget_type=\"button.default\">\n\t\t\t\t\t\t\t\t\t\t<a class=\"elementor-button elementor-button-link elementor-size-sm\" href=\"https:\/\/lws-gmbh.de\/unternehmen\/ansprechpartner\/\" target=\"_blank\">\n\t\t\t\t\t\t<span class=\"elementor-button-content-wrapper\">\n\t\t\t\t\t\t\t\t\t<span class=\"elementor-button-text\">Tous les contacts<\/span>\n\t\t\t\t\t<\/span>\n\t\t\t\t\t<\/a>\n\t\t\t\t\t\t\t\t<\/div>\n\t\t\t\t\t<\/div>\n\t\t\t\t<\/div>\n\t\t\t\t\t<\/div>\n\t\t\t\t<\/div>\n\t\t<div class=\"elementor-element elementor-element-1bfc0d0 e-flex e-con-boxed e-con e-parent\" data-id=\"1bfc0d0\" data-element_type=\"container\" data-e-type=\"container\">\n\t\t\t\t\t<div class=\"e-con-inner\">\n\t\t<div class=\"elementor-element elementor-element-969c9eb e-con-full e-flex e-con e-child\" data-id=\"969c9eb\" data-element_type=\"container\" data-e-type=\"container\">\n\t\t\t\t<div class=\"elementor-element elementor-element-df3168a elementor-button-align-stretch elementor-widget elementor-widget-form\" data-id=\"df3168a\" data-element_type=\"widget\" data-e-type=\"widget\" data-settings=\"{&quot;step_next_label&quot;:&quot;Suivant&quot;,&quot;step_previous_label&quot;:&quot;Previous&quot;,&quot;button_width&quot;:&quot;100&quot;,&quot;step_type&quot;:&quot;number_text&quot;,&quot;step_icon_shape&quot;:&quot;circle&quot;}\" data-widget_type=\"form.default\">\n\t\t\t\t\t\t\t<form class=\"elementor-form\" method=\"post\" name=\"Nouvelle forme\" aria-label=\"Nouvelle forme\">\n\t\t\t<input type=\"hidden\" name=\"post_id\" value=\"4002\"\/>\n\t\t\t<input type=\"hidden\" name=\"form_id\" value=\"df3168a\"\/>\n\t\t\t<input type=\"hidden\" name=\"referer_title\" value=\"LWS GmbH\" \/>\n\n\t\t\t\n\t\t\t<div class=\"elementor-form-fields-wrapper elementor-labels-above\">\n\t\t\t\t\t\t\t\t<div class=\"elementor-field-type-text elementor-field-group elementor-column elementor-field-group-name elementor-col-50 elementor-field-required elementor-mark-required\">\n\t\t\t\t\t\t\t\t\t\t\t\t<label for=\"form-field-name\" class=\"elementor-field-label\">\n\t\t\t\t\t\t\t\tVotre nom\t\t\t\t\t\t\t<\/label>\n\t\t\t\t\t\t\t\t\t\t\t\t\t\t<input size=\"1\" type=\"text\" name=\"form_fields[name]\" id=\"form-field-name\" class=\"elementor-field elementor-size-md  elementor-field-textual\" placeholder=\"Nom\" required=\"required\">\n\t\t\t\t\t\t\t\t\t\t\t<\/div>\n\t\t\t\t\t\t\t\t<div class=\"elementor-field-type-email elementor-field-group elementor-column elementor-field-group-email elementor-col-50 elementor-field-required elementor-mark-required\">\n\t\t\t\t\t\t\t\t\t\t\t\t<label for=\"form-field-email\" class=\"elementor-field-label\">\n\t\t\t\t\t\t\t\tVotre adresse \u00e9lectronique\t\t\t\t\t\t\t<\/label>\n\t\t\t\t\t\t\t\t\t\t\t\t\t\t<input size=\"1\" type=\"email\" name=\"form_fields[email]\" id=\"form-field-email\" class=\"elementor-field elementor-size-md  elementor-field-textual\" placeholder=\"E-mail\" required=\"required\">\n\t\t\t\t\t\t\t\t\t\t\t<\/div>\n\t\t\t\t\t\t\t\t<div class=\"elementor-field-type-tel elementor-field-group elementor-column elementor-field-group-phone elementor-col-50 elementor-field-required elementor-mark-required\">\n\t\t\t\t\t\t\t\t\t\t\t\t<label for=\"form-field-phone\" class=\"elementor-field-label\">\n\t\t\t\t\t\t\t\tVotre num\u00e9ro de t\u00e9l\u00e9phone\t\t\t\t\t\t\t<\/label>\n\t\t\t\t\t\t\t\t<input size=\"1\" type=\"tel\" name=\"form_fields[phone]\" id=\"form-field-phone\" class=\"elementor-field elementor-size-md  elementor-field-textual\" placeholder=\"T\u00e9l\u00e9phone\" required=\"required\" pattern=\"[0-9()#&amp;+*-=.]+\" title=\"Seuls les caract\u00e8res de num\u00e9ros de t\u00e9l\u00e9phone (#, -, *, etc.) sont accept\u00e9s.\">\n\n\t\t\t\t\t\t<\/div>\n\t\t\t\t\t\t\t\t<div class=\"elementor-field-type-select elementor-field-group elementor-column elementor-field-group-anliegen elementor-col-50\">\n\t\t\t\t\t\t\t\t\t\t\t\t<label for=\"form-field-anliegen\" class=\"elementor-field-label\">\n\t\t\t\t\t\t\t\tVotre demande\t\t\t\t\t\t\t<\/label>\n\t\t\t\t\t\t\t\t<div class=\"elementor-field elementor-select-wrapper remove-before \">\n\t\t\t<div class=\"select-caret-down-wrapper\">\n\t\t\t\t<svg aria-hidden=\"true\" class=\"e-font-icon-svg e-eicon-caret-down\" viewBox=\"0 0 571.4 571.4\" xmlns=\"http:\/\/www.w3.org\/2000\/svg\"><path d=\"M571 393Q571 407 561 418L311 668Q300 679 286 679T261 668L11 418Q0 407 0 393T11 368 36 357H536Q550 357 561 368T571 393Z\"><\/path><\/svg>\t\t\t<\/div>\n\t\t\t<select name=\"form_fields[anliegen]\" id=\"form-field-anliegen\" class=\"elementor-field-textual elementor-size-md\">\n\t\t\t\t\t\t\t\t\t<option value=\"Tournage\">Tournage<\/option>\n\t\t\t\t\t\t\t\t\t<option value=\"Fraisage\">Fraisage<\/option>\n\t\t\t\t\t\t\t\t\t<option value=\"Traitement des trous\">Traitement des trous<\/option>\n\t\t\t\t\t\t\t\t\t<option value=\"Fabrication \u00e0 fa\u00e7on\">Fabrication \u00e0 fa\u00e7on<\/option>\n\t\t\t\t\t\t\t\t\t<option value=\"Ordre de suivi\">Ordre de suivi<\/option>\n\t\t\t\t\t\t\t\t\t<option value=\"R\u00e9paration &amp; pi\u00e8ces de rechange\">R\u00e9paration &amp; pi\u00e8ces de rechange<\/option>\n\t\t\t\t\t\t\t\t\t<option value=\"Conseil et demande de projet\">Conseil et demande de projet<\/option>\n\t\t\t\t\t\t\t\t\t<option value=\"Reconditionnement \/ r\u00e9aff\u00fbtage\">Reconditionnement \/ r\u00e9aff\u00fbtage<\/option>\n\t\t\t\t\t\t\t\t\t<option value=\"Autres demandes\">Autres demandes<\/option>\n\t\t\t\t\t\t\t<\/select>\n\t\t<\/div>\n\t\t\t\t\t\t<\/div>\n\t\t\t\t\t\t\t\t<div class=\"elementor-field-type-textarea elementor-field-group elementor-column elementor-field-group-message elementor-col-100 elementor-field-required elementor-mark-required\">\n\t\t\t\t\t\t\t\t\t\t\t\t<label for=\"form-field-message\" class=\"elementor-field-label\">\n\t\t\t\t\t\t\t\tVotre message pour nous\t\t\t\t\t\t\t<\/label>\n\t\t\t\t\t\t<textarea class=\"elementor-field-textual elementor-field  elementor-size-md\" name=\"form_fields[message]\" id=\"form-field-message\" rows=\"4\" placeholder=\"Votre message\" required=\"required\"><\/textarea>\t\t\t\t<\/div>\n\t\t\t\t\t\t\t\t<div class=\"elementor-field-type-acceptance elementor-field-group elementor-column elementor-field-group-akzeptanz elementor-col-100 elementor-field-required elementor-mark-required\">\n\t\t\t\t\t\t\t<div class=\"elementor-field-subgroup\">\n\t\t\t<span class=\"elementor-field-option\">\n\t\t\t\t<input type=\"checkbox\" name=\"form_fields[akzeptanz]\" id=\"form-field-akzeptanz\" class=\"elementor-field elementor-size-md  elementor-acceptance-field\" required=\"required\">\n\t\t\t\t<label for=\"form-field-akzeptanz\">Par la pr\u00e9sente, j'accepte la <a href=\"https:\/\/lws-gmbh.de\/datenschutz\/\">d\u00e9claration de confidentialit\u00e9<\/a> et la prise de contact.<\/label>\t\t\t<\/span>\n\t\t<\/div>\n\t\t\t\t\t\t<\/div>\n\t\t\t\t\t\t\t\t<div class=\"elementor-field-group elementor-column elementor-field-type-submit elementor-col-100 e-form__buttons\">\n\t\t\t\t\t<button class=\"elementor-button elementor-size-sm\" type=\"submit\">\n\t\t\t\t\t\t<span class=\"elementor-button-content-wrapper\">\n\t\t\t\t\t\t\t\t\t\t\t\t\t\t\t\t\t\t\t\t\t\t<span class=\"elementor-button-text\">Envoyer un message<\/span>\n\t\t\t\t\t\t\t\t\t\t\t\t\t<\/span>\n\t\t\t\t\t<\/button>\n\t\t\t\t<\/div>\n\t\t\t<\/div>\n\t\t<\/form>\n\t\t\t\t\t\t<\/div>\n\t\t\t\t<\/div>\n\t\t<div class=\"elementor-element elementor-element-5c2a5e2 e-con-full e-flex e-con e-child\" data-id=\"5c2a5e2\" data-element_type=\"container\" data-e-type=\"container\">\n\t\t<div class=\"elementor-element elementor-element-e62488c e-flex e-con-boxed e-con e-child\" data-id=\"e62488c\" data-element_type=\"container\" data-e-type=\"container\">\n\t\t\t\t\t<div class=\"e-con-inner\">\n\t\t\t\t<div class=\"elementor-element elementor-element-52cf1b0 elementor-widget elementor-widget-text-editor\" data-id=\"52cf1b0\" data-element_type=\"widget\" data-e-type=\"widget\" data-widget_type=\"text-editor.default\">\n\t\t\t\t\t\t\t\t\t<p>Vous souhaitez demander un devis, obtenir des conseils techniques ou inscrire vos outils au reconditionnement ? Notre \u00e9quipe se tient personnellement \u00e0 votre disposition &#8211; avec rapidit\u00e9, comp\u00e9tence et engagement. <\/p>\t\t\t\t\t\t\t\t<\/div>\n\t\t\t\t<div class=\"elementor-element elementor-element-ac59de2 elementor-widget elementor-widget-heading\" data-id=\"ac59de2\" data-element_type=\"widget\" data-e-type=\"widget\" data-widget_type=\"heading.default\">\n\t\t\t\t\t<h4 class=\"elementor-heading-title elementor-size-default\"><u>Contacter directement<\/u><\/h4>\t\t\t\t<\/div>\n\t\t\t\t<div class=\"elementor-element elementor-element-7ee7657 elementor-icon-list--layout-traditional elementor-list-item-link-full_width elementor-widget elementor-widget-icon-list\" data-id=\"7ee7657\" data-element_type=\"widget\" data-e-type=\"widget\" data-widget_type=\"icon-list.default\">\n\t\t\t\t\t\t\t<ul class=\"elementor-icon-list-items\">\n\t\t\t\t\t\t\t<li class=\"elementor-icon-list-item\">\n\t\t\t\t\t\t\t\t\t\t\t<a href=\"mailto:info@lws-gmbh.de\">\n\n\t\t\t\t\t\t\t\t\t\t\t\t<span class=\"elementor-icon-list-icon\">\n\t\t\t\t\t\t\t<svg aria-hidden=\"true\" class=\"e-font-icon-svg e-far-envelope\" viewBox=\"0 0 512 512\" xmlns=\"http:\/\/www.w3.org\/2000\/svg\"><path d=\"M464 64H48C21.49 64 0 85.49 0 112v288c0 26.51 21.49 48 48 48h416c26.51 0 48-21.49 48-48V112c0-26.51-21.49-48-48-48zm0 48v40.805c-22.422 18.259-58.168 46.651-134.587 106.49-16.841 13.247-50.201 45.072-73.413 44.701-23.208.375-56.579-31.459-73.413-44.701C106.18 199.465 70.425 171.067 48 152.805V112h416zM48 400V214.398c22.914 18.251 55.409 43.862 104.938 82.646 21.857 17.205 60.134 55.186 103.062 54.955 42.717.231 80.509-37.199 103.053-54.947 49.528-38.783 82.032-64.401 104.947-82.653V400H48z\"><\/path><\/svg>\t\t\t\t\t\t<\/span>\n\t\t\t\t\t\t\t\t\t\t<span class=\"elementor-icon-list-text\">info@lws-gmbh.de<\/span>\n\t\t\t\t\t\t\t\t\t\t\t<\/a>\n\t\t\t\t\t\t\t\t\t<\/li>\n\t\t\t\t\t\t\t\t<li class=\"elementor-icon-list-item\">\n\t\t\t\t\t\t\t\t\t\t\t<a href=\"tel:+499852672490\">\n\n\t\t\t\t\t\t\t\t\t\t\t\t<span class=\"elementor-icon-list-icon\">\n\t\t\t\t\t\t\t<svg aria-hidden=\"true\" class=\"e-font-icon-svg e-fas-mobile-alt\" viewBox=\"0 0 320 512\" xmlns=\"http:\/\/www.w3.org\/2000\/svg\"><path d=\"M272 0H48C21.5 0 0 21.5 0 48v416c0 26.5 21.5 48 48 48h224c26.5 0 48-21.5 48-48V48c0-26.5-21.5-48-48-48zM160 480c-17.7 0-32-14.3-32-32s14.3-32 32-32 32 14.3 32 32-14.3 32-32 32zm112-108c0 6.6-5.4 12-12 12H60c-6.6 0-12-5.4-12-12V60c0-6.6 5.4-12 12-12h200c6.6 0 12 5.4 12 12v312z\"><\/path><\/svg>\t\t\t\t\t\t<\/span>\n\t\t\t\t\t\t\t\t\t\t<span class=\"elementor-icon-list-text\">(0 98 52) 6 72 49-0<\/span>\n\t\t\t\t\t\t\t\t\t\t\t<\/a>\n\t\t\t\t\t\t\t\t\t<\/li>\n\t\t\t\t\t\t\t\t<li class=\"elementor-icon-list-item\">\n\t\t\t\t\t\t\t\t\t\t\t<a href=\"tel:098526724990\">\n\n\t\t\t\t\t\t\t\t\t\t\t\t<span class=\"elementor-icon-list-icon\">\n\t\t\t\t\t\t\t<svg aria-hidden=\"true\" class=\"e-font-icon-svg e-fas-phone-alt\" viewBox=\"0 0 512 512\" xmlns=\"http:\/\/www.w3.org\/2000\/svg\"><path d=\"M497.39 361.8l-112-48a24 24 0 0 0-28 6.9l-49.6 60.6A370.66 370.66 0 0 1 130.6 204.11l60.6-49.6a23.94 23.94 0 0 0 6.9-28l-48-112A24.16 24.16 0 0 0 122.6.61l-104 24A24 24 0 0 0 0 48c0 256.5 207.9 464 464 464a24 24 0 0 0 23.4-18.6l24-104a24.29 24.29 0 0 0-14.01-27.6z\"><\/path><\/svg>\t\t\t\t\t\t<\/span>\n\t\t\t\t\t\t\t\t\t\t<span class=\"elementor-icon-list-text\">(0 98 52) 6 72 49-90<\/span>\n\t\t\t\t\t\t\t\t\t\t\t<\/a>\n\t\t\t\t\t\t\t\t\t<\/li>\n\t\t\t\t\t\t<\/ul>\n\t\t\t\t\t\t<\/div>\n\t\t\t\t\t<\/div>\n\t\t\t\t<\/div>\n\t\t\t\t<\/div>\n\t\t\t\t\t<\/div>\n\t\t\t\t<\/div>\n\t\t<div class=\"elementor-element elementor-element-9111438 e-flex e-con-boxed e-con e-parent\" data-id=\"9111438\" data-element_type=\"container\" data-e-type=\"container\">\n\t\t\t\t\t<div class=\"e-con-inner\">\n\t\t<div class=\"elementor-element elementor-element-661494e e-con-full e-flex e-con e-child\" data-id=\"661494e\" data-element_type=\"container\" data-e-type=\"container\">\n\t\t\t\t<div class=\"elementor-element elementor-element-86f3fd2 elementor-widget elementor-widget-text-editor\" data-id=\"86f3fd2\" data-element_type=\"widget\" data-e-type=\"widget\" data-widget_type=\"text-editor.default\">\n\t\t\t\t\t\t\t\t\t<h4 data-start=\"1833\" data-end=\"1849\"><strong data-start=\"1838\" data-end=\"1849\">Plan d&rsquo;acc\u00e8s<\/strong><\/h4><p data-start=\"1851\" data-end=\"2044\">Notre usine est situ\u00e9e dans la zone industrielle de Feuchtwangen &#8211; avec un acc\u00e8s direct \u00e0 l&rsquo;autoroute A7. Un parking fl\u00e9ch\u00e9 est \u00e0 la disposition des fournisseurs et des visiteurs directement devant le b\u00e2timent. <\/p>\t\t\t\t\t\t\t\t<\/div>\n\t\t\t\t<div class=\"elementor-element elementor-element-7ed201f elementor-widget elementor-widget-google_maps\" data-id=\"7ed201f\" data-element_type=\"widget\" data-e-type=\"widget\" data-widget_type=\"google_maps.default\">\n\t\t\t\t\t\t\t<div class=\"elementor-custom-embed\">\n\t\t\t<iframe loading=\"lazy\"\n\t\t\t\t\tsrc=\"https:\/\/maps.google.com\/maps?q=LWS%20GmbH%20Lechner%20Werkzeug%20Service&#038;t=m&#038;z=13&#038;output=embed&#038;iwloc=near\"\n\t\t\t\t\ttitle=\"LWS GmbH Lechner Werkzeug Service\"\n\t\t\t\t\taria-label=\"LWS GmbH Lechner Werkzeug Service\"\n\t\t\t><\/iframe>\n\t\t<\/div>\n\t\t\t\t\t\t<\/div>\n\t\t\t\t<div class=\"elementor-element elementor-element-b2b58f8 elementor-widget elementor-widget-button\" data-id=\"b2b58f8\" data-element_type=\"widget\" data-e-type=\"widget\" data-widget_type=\"button.default\">\n\t\t\t\t\t\t\t\t\t\t<a class=\"elementor-button elementor-button-link elementor-size-sm\" href=\"https:\/\/maps.app.goo.gl\/jE9nwXyDmesXMLCG7\" target=\"_blank\">\n\t\t\t\t\t\t<span class=\"elementor-button-content-wrapper\">\n\t\t\t\t\t\t\t\t\t<span class=\"elementor-button-text\">Planifier un itin\u00e9raire<\/span>\n\t\t\t\t\t<\/span>\n\t\t\t\t\t<\/a>\n\t\t\t\t\t\t\t\t<\/div>\n\t\t\t\t<\/div>\n\t\t\t\t\t<\/div>\n\t\t\t\t<\/div>\n\t\t\t\t<\/div>\n\t\t","protected":false},"excerpt":{"rendered":"<p>Votre fil direct vers la pr\u00e9cision Tous les contacts Vous souhaitez demander un devis, obtenir des conseils techniques ou inscrire vos outils au reconditionnement ? Notre \u00e9quipe se tient personnellement \u00e0 votre disposition &#8211; avec rapidit\u00e9, comp\u00e9tence et engagement. Contacter directement info@lws-gmbh.de (0 98 52) 6 72 49-0 (0 98 52) 6 72 49-90 Plan [&hellip;]<\/p>\n","protected":false},"author":2,"featured_media":0,"parent":0,"menu_order":0,"comment_status":"closed","ping_status":"closed","template":"","meta":{"footnotes":""},"class_list":["post-4002","page","type-page","status-publish","hentry"],"yoast_head":"<!-- This site is optimized with the Yoast SEO plugin v27.2 - https:\/\/yoast.com\/product\/yoast-seo-wordpress\/ -->\n<title>Prendre contact - Outils de pr\u00e9cision et services - LWS GmbH<\/title>\n<meta name=\"description\" content=\"Contactez-nous - votre sp\u00e9cialiste en outils de pr\u00e9cision, plaquettes de coupe et reconditionnement. Personnel, comp\u00e9tent.\" \/>\n<meta name=\"robots\" content=\"index, follow, max-snippet:-1, max-image-preview:large, max-video-preview:-1\" \/>\n<link rel=\"canonical\" href=\"https:\/\/lws-gmbh.de\/fr\/contact\/\" \/>\n<meta property=\"og:locale\" content=\"fr_FR\" \/>\n<meta property=\"og:type\" content=\"article\" \/>\n<meta property=\"og:title\" content=\"Prendre contact - Outils de pr\u00e9cision et services - LWS GmbH\" \/>\n<meta property=\"og:description\" content=\"Contactez-nous - votre sp\u00e9cialiste en outils de pr\u00e9cision, plaquettes de coupe et reconditionnement. Personnel, comp\u00e9tent.\" \/>\n<meta property=\"og:url\" content=\"https:\/\/lws-gmbh.de\/fr\/contact\/\" \/>\n<meta property=\"og:site_name\" content=\"LWS GmbH\" \/>\n<meta property=\"article:modified_time\" content=\"2026-04-30T12:13:35+00:00\" \/>\n<meta name=\"twitter:card\" content=\"summary_large_image\" \/>\n<meta name=\"twitter:label1\" content=\"Dur\u00e9e de lecture estim\u00e9e\" \/>\n\t<meta name=\"twitter:data1\" content=\"1 minute\" \/>\n<script type=\"application\/ld+json\" class=\"yoast-schema-graph\">{\"@context\":\"https:\/\/schema.org\",\"@graph\":[{\"@type\":\"WebPage\",\"@id\":\"https:\/\/lws-gmbh.de\/fr\/contact\/\",\"url\":\"https:\/\/lws-gmbh.de\/fr\/contact\/\",\"name\":\"Prendre contact - Outils de pr\u00e9cision et services - LWS GmbH\",\"isPartOf\":{\"@id\":\"https:\/\/lws-gmbh.de\/fr\/#website\"},\"datePublished\":\"2025-11-10T08:02:33+00:00\",\"dateModified\":\"2026-04-30T12:13:35+00:00\",\"description\":\"Contactez-nous - votre sp\u00e9cialiste en outils de pr\u00e9cision, plaquettes de coupe et reconditionnement. Personnel, comp\u00e9tent.\",\"breadcrumb\":{\"@id\":\"https:\/\/lws-gmbh.de\/fr\/contact\/#breadcrumb\"},\"inLanguage\":\"fr-FR\",\"potentialAction\":[{\"@type\":\"ReadAction\",\"target\":[\"https:\/\/lws-gmbh.de\/fr\/contact\/\"]}]},{\"@type\":\"BreadcrumbList\",\"@id\":\"https:\/\/lws-gmbh.de\/fr\/contact\/#breadcrumb\",\"itemListElement\":[{\"@type\":\"ListItem\",\"position\":1,\"name\":\"Startseite\",\"item\":\"https:\/\/lws-gmbh.de\/fr\/\"},{\"@type\":\"ListItem\",\"position\":2,\"name\":\"Contact\"}]},{\"@type\":\"WebSite\",\"@id\":\"https:\/\/lws-gmbh.de\/fr\/#website\",\"url\":\"https:\/\/lws-gmbh.de\/fr\/\",\"name\":\"LWS GmbH\",\"description\":\"Lechner Werkzeug Service\",\"publisher\":{\"@id\":\"https:\/\/lws-gmbh.de\/fr\/#organization\"},\"potentialAction\":[{\"@type\":\"SearchAction\",\"target\":{\"@type\":\"EntryPoint\",\"urlTemplate\":\"https:\/\/lws-gmbh.de\/fr\/?s={search_term_string}\"},\"query-input\":{\"@type\":\"PropertyValueSpecification\",\"valueRequired\":true,\"valueName\":\"search_term_string\"}}],\"inLanguage\":\"fr-FR\"},{\"@type\":\"Organization\",\"@id\":\"https:\/\/lws-gmbh.de\/fr\/#organization\",\"name\":\"LWS GmbH\",\"url\":\"https:\/\/lws-gmbh.de\/fr\/\",\"logo\":{\"@type\":\"ImageObject\",\"inLanguage\":\"fr-FR\",\"@id\":\"https:\/\/lws-gmbh.de\/fr\/#\/schema\/logo\/image\/\",\"url\":\"https:\/\/lws-gmbh.de\/wp-content\/uploads\/2025\/09\/lws-logo.png\",\"contentUrl\":\"https:\/\/lws-gmbh.de\/wp-content\/uploads\/2025\/09\/lws-logo.png\",\"width\":449,\"height\":143,\"caption\":\"LWS GmbH\"},\"image\":{\"@id\":\"https:\/\/lws-gmbh.de\/fr\/#\/schema\/logo\/image\/\"}}]}<\/script>\n<!-- \/ Yoast SEO plugin. -->","yoast_head_json":{"title":"Prendre contact - Outils de pr\u00e9cision et services - LWS GmbH","description":"Contactez-nous - votre sp\u00e9cialiste en outils de pr\u00e9cision, plaquettes de coupe et reconditionnement. Personnel, comp\u00e9tent.","robots":{"index":"index","follow":"follow","max-snippet":"max-snippet:-1","max-image-preview":"max-image-preview:large","max-video-preview":"max-video-preview:-1"},"canonical":"https:\/\/lws-gmbh.de\/fr\/contact\/","og_locale":"fr_FR","og_type":"article","og_title":"Prendre contact - Outils de pr\u00e9cision et services - LWS GmbH","og_description":"Contactez-nous - votre sp\u00e9cialiste en outils de pr\u00e9cision, plaquettes de coupe et reconditionnement. Personnel, comp\u00e9tent.","og_url":"https:\/\/lws-gmbh.de\/fr\/contact\/","og_site_name":"LWS GmbH","article_modified_time":"2026-04-30T12:13:35+00:00","twitter_card":"summary_large_image","twitter_misc":{"Dur\u00e9e de lecture estim\u00e9e":"1 minute"},"schema":{"@context":"https:\/\/schema.org","@graph":[{"@type":"WebPage","@id":"https:\/\/lws-gmbh.de\/fr\/contact\/","url":"https:\/\/lws-gmbh.de\/fr\/contact\/","name":"Prendre contact - Outils de pr\u00e9cision et services - LWS GmbH","isPartOf":{"@id":"https:\/\/lws-gmbh.de\/fr\/#website"},"datePublished":"2025-11-10T08:02:33+00:00","dateModified":"2026-04-30T12:13:35+00:00","description":"Contactez-nous - votre sp\u00e9cialiste en outils de pr\u00e9cision, plaquettes de coupe et reconditionnement. Personnel, comp\u00e9tent.","breadcrumb":{"@id":"https:\/\/lws-gmbh.de\/fr\/contact\/#breadcrumb"},"inLanguage":"fr-FR","potentialAction":[{"@type":"ReadAction","target":["https:\/\/lws-gmbh.de\/fr\/contact\/"]}]},{"@type":"BreadcrumbList","@id":"https:\/\/lws-gmbh.de\/fr\/contact\/#breadcrumb","itemListElement":[{"@type":"ListItem","position":1,"name":"Startseite","item":"https:\/\/lws-gmbh.de\/fr\/"},{"@type":"ListItem","position":2,"name":"Contact"}]},{"@type":"WebSite","@id":"https:\/\/lws-gmbh.de\/fr\/#website","url":"https:\/\/lws-gmbh.de\/fr\/","name":"LWS GmbH","description":"Lechner Werkzeug Service","publisher":{"@id":"https:\/\/lws-gmbh.de\/fr\/#organization"},"potentialAction":[{"@type":"SearchAction","target":{"@type":"EntryPoint","urlTemplate":"https:\/\/lws-gmbh.de\/fr\/?s={search_term_string}"},"query-input":{"@type":"PropertyValueSpecification","valueRequired":true,"valueName":"search_term_string"}}],"inLanguage":"fr-FR"},{"@type":"Organization","@id":"https:\/\/lws-gmbh.de\/fr\/#organization","name":"LWS GmbH","url":"https:\/\/lws-gmbh.de\/fr\/","logo":{"@type":"ImageObject","inLanguage":"fr-FR","@id":"https:\/\/lws-gmbh.de\/fr\/#\/schema\/logo\/image\/","url":"https:\/\/lws-gmbh.de\/wp-content\/uploads\/2025\/09\/lws-logo.png","contentUrl":"https:\/\/lws-gmbh.de\/wp-content\/uploads\/2025\/09\/lws-logo.png","width":449,"height":143,"caption":"LWS GmbH"},"image":{"@id":"https:\/\/lws-gmbh.de\/fr\/#\/schema\/logo\/image\/"}}]}},"_links":{"self":[{"href":"https:\/\/lws-gmbh.de\/fr\/wp-json\/wp\/v2\/pages\/4002","targetHints":{"allow":["GET"]}}],"collection":[{"href":"https:\/\/lws-gmbh.de\/fr\/wp-json\/wp\/v2\/pages"}],"about":[{"href":"https:\/\/lws-gmbh.de\/fr\/wp-json\/wp\/v2\/types\/page"}],"author":[{"embeddable":true,"href":"https:\/\/lws-gmbh.de\/fr\/wp-json\/wp\/v2\/users\/2"}],"replies":[{"embeddable":true,"href":"https:\/\/lws-gmbh.de\/fr\/wp-json\/wp\/v2\/comments?post=4002"}],"version-history":[{"count":1,"href":"https:\/\/lws-gmbh.de\/fr\/wp-json\/wp\/v2\/pages\/4002\/revisions"}],"predecessor-version":[{"id":4003,"href":"https:\/\/lws-gmbh.de\/fr\/wp-json\/wp\/v2\/pages\/4002\/revisions\/4003"}],"wp:attachment":[{"href":"https:\/\/lws-gmbh.de\/fr\/wp-json\/wp\/v2\/media?parent=4002"}],"curies":[{"name":"wp","href":"https:\/\/api.w.org\/{rel}","templated":true}]}}